{"id":2397,"date":"2024-04-13T15:53:23","date_gmt":"2024-04-13T15:53:23","guid":{"rendered":"https:\/\/casadolivreiro.pt\/?post_type=product&#038;p=2397"},"modified":"2024-04-13T15:53:23","modified_gmt":"2024-04-13T15:53:23","slug":"the-heinemann-english-grammar-an-intermediate-reference-and-practice-book-digby-beaumont-colin-granger","status":"publish","type":"product","link":"https:\/\/casadolivreiro.pt\/index.php\/product\/the-heinemann-english-grammar-an-intermediate-reference-and-practice-book-digby-beaumont-colin-granger\/","title":{"rendered":"THE HEINEMANN ENGLISH GRAMMAR: An Intermediate Reference and Practice Book &#8211; Digby Beaumont, Colin Granger"},"content":{"rendered":"<p>THE HEINEMANN ENGLISH GRAMMAR: An Intermediate Reference and Practice Book<br \/>\nDigby Beaumont, Colin Granger<br \/>\nISBN: 0 435 292188<br \/>\nAno de edi\u00e7\u00e3o: 1992<br \/>\nEditor: Heinemann English Language Teaching, Oxford<br \/>\nIdioma: Ingl\u00eas<br \/>\nDimens\u00f5es: 19.3\u00a0 x 2 x 26.7 cm<br \/>\nEncaderna\u00e7\u00e3o: Capa mole<br \/>\nP\u00e1ginas: 352<\/p>\n","protected":false},"excerpt":{"rendered":"<p>THE HEINEMANN ENGLISH GRAMMAR: An Intermediate Reference and Practice Book Digby Beaumont, Colin Granger ISBN: 0 435 292188 Ano de edi\u00e7\u00e3o: 1992 Editor: Heinemann English Language Teaching, Oxford Idioma: Ingl\u00eas Dimens\u00f5es: 19.3\u00a0 x 2 x 26.7 cm Encaderna\u00e7\u00e3o: Capa mole P\u00e1ginas: 352<\/p>\n","protected":false},"featured_media":2398,"comment_status":"open","ping_status":"closed","template":"","meta":{"om_disable_all_campaigns":false,"_monsterinsights_skip_tracking":false,"_monsterinsights_sitenote_active":false,"_monsterinsights_sitenote_note":"","_monsterinsights_sitenote_category":0,"_uf_show_specific_survey":0,"_uf_disable_surveys":false},"product_cat":[45],"product_tag":[],"aioseo_notices":[],"jetpack_sharing_enabled":true,"_links":{"self":[{"href":"https:\/\/casadolivreiro.pt\/index.php\/wp-json\/wp\/v2\/product\/2397"}],"collection":[{"href":"https:\/\/casadolivreiro.pt\/index.php\/wp-json\/wp\/v2\/product"}],"about":[{"href":"https:\/\/casadolivreiro.pt\/index.php\/wp-json\/wp\/v2\/types\/product"}],"replies":[{"embeddable":true,"href":"https:\/\/casadolivreiro.pt\/index.php\/wp-json\/wp\/v2\/comments?post=2397"}],"wp:featuredmedia":[{"embeddable":true,"href":"https:\/\/casadolivreiro.pt\/index.php\/wp-json\/wp\/v2\/media\/2398"}],"wp:attachment":[{"href":"https:\/\/casadolivreiro.pt\/index.php\/wp-json\/wp\/v2\/media?parent=2397"}],"wp:term":[{"taxonomy":"product_cat","embeddable":true,"href":"https:\/\/casadolivreiro.pt\/index.php\/wp-json\/wp\/v2\/product_cat?post=2397"},{"taxonomy":"product_tag","embeddable":true,"href":"https:\/\/casadolivreiro.pt\/index.php\/wp-json\/wp\/v2\/product_tag?post=2397"}],"curies":[{"name":"wp","href":"https:\/\/api.w.org\/{rel}","templated":true}]}}