{"id":2393,"date":"2024-04-13T15:47:17","date_gmt":"2024-04-13T15:47:17","guid":{"rendered":"https:\/\/casadolivreiro.pt\/?post_type=product&#038;p=2393"},"modified":"2024-04-13T15:47:17","modified_gmt":"2024-04-13T15:47:17","slug":"english-grammar-and-vocabulary-with-key-michael-vince-intermediate-language-practice-suitable-for-students-at-pet-b1-level","status":"publish","type":"product","link":"https:\/\/casadolivreiro.pt\/index.php\/product\/english-grammar-and-vocabulary-with-key-michael-vince-intermediate-language-practice-suitable-for-students-at-pet-b1-level\/","title":{"rendered":"ENGLISH GRAMMAR AND VOCABULARY (with key) &#8211; Michael Vince &#8211; Intermediate Language Practice, Suitable for students at PET\/B1 level"},"content":{"rendered":"<p>ENGLISH GRAMMAR AND VOCABULARY (with key)<br \/>\nMichael Vince<br \/>\nIntermediate Language Practice, Suitable for students at PET\/B1 level<br \/>\nISBN: 978 0 2307 2698 7<br \/>\nAno de edi\u00e7\u00e3o: 2010<br \/>\nEditor: Macmillan Education, Oxford<br \/>\nIdioma: Ingl\u00eas<br \/>\nDimens\u00f5es: 19.5\u00a0 x 1.5 x 27 cm<br \/>\nEncaderna\u00e7\u00e3o: Capa mole<br \/>\nP\u00e1ginas: 304<\/p>\n","protected":false},"excerpt":{"rendered":"<p>ENGLISH GRAMMAR AND VOCABULARY (with key) Michael Vince Intermediate Language Practice, Suitable for students at PET\/B1 level ISBN: 978 0 2307 2698 7 Ano de edi\u00e7\u00e3o: 2010 Editor: Macmillan Education, Oxford Idioma: Ingl\u00eas Dimens\u00f5es: 19.5\u00a0 x 1.5 x 27 cm Encaderna\u00e7\u00e3o: Capa mole P\u00e1ginas: 304<\/p>\n","protected":false},"featured_media":2394,"comment_status":"open","ping_status":"closed","template":"","meta":{"om_disable_all_campaigns":false,"_monsterinsights_skip_tracking":false,"_monsterinsights_sitenote_active":false,"_monsterinsights_sitenote_note":"","_monsterinsights_sitenote_category":0,"_uf_show_specific_survey":0,"_uf_disable_surveys":false},"product_cat":[45],"product_tag":[],"aioseo_notices":[],"jetpack_sharing_enabled":true,"_links":{"self":[{"href":"https:\/\/casadolivreiro.pt\/index.php\/wp-json\/wp\/v2\/product\/2393"}],"collection":[{"href":"https:\/\/casadolivreiro.pt\/index.php\/wp-json\/wp\/v2\/product"}],"about":[{"href":"https:\/\/casadolivreiro.pt\/index.php\/wp-json\/wp\/v2\/types\/product"}],"replies":[{"embeddable":true,"href":"https:\/\/casadolivreiro.pt\/index.php\/wp-json\/wp\/v2\/comments?post=2393"}],"wp:featuredmedia":[{"embeddable":true,"href":"https:\/\/casadolivreiro.pt\/index.php\/wp-json\/wp\/v2\/media\/2394"}],"wp:attachment":[{"href":"https:\/\/casadolivreiro.pt\/index.php\/wp-json\/wp\/v2\/media?parent=2393"}],"wp:term":[{"taxonomy":"product_cat","embeddable":true,"href":"https:\/\/casadolivreiro.pt\/index.php\/wp-json\/wp\/v2\/product_cat?post=2393"},{"taxonomy":"product_tag","embeddable":true,"href":"https:\/\/casadolivreiro.pt\/index.php\/wp-json\/wp\/v2\/product_tag?post=2393"}],"curies":[{"name":"wp","href":"https:\/\/api.w.org\/{rel}","templated":true}]}}