{"id":2391,"date":"2024-04-13T15:43:56","date_gmt":"2024-04-13T15:43:56","guid":{"rendered":"https:\/\/casadolivreiro.pt\/?post_type=product&#038;p=2391"},"modified":"2024-04-13T15:43:56","modified_gmt":"2024-04-13T15:43:56","slug":"metodo-de-espanol-para-extranjeros-prisma-avanza-nivel-b2-2-volumes-prisma-del-alumno-com-2-cds-e-prisma-de-ejercicios","status":"publish","type":"product","link":"https:\/\/casadolivreiro.pt\/index.php\/product\/metodo-de-espanol-para-extranjeros-prisma-avanza-nivel-b2-2-volumes-prisma-del-alumno-com-2-cds-e-prisma-de-ejercicios\/","title":{"rendered":"M\u00c9TODO DE ESPA\u00d1OL PARA EXTRANJEROS PRISMA AVANZA, Nivel B2 2 Volumes: Prisma del alumno (com 2 CDs) e Prisma de ejercicios"},"content":{"rendered":"<p>M\u00c9TODO DE ESPA\u00d1OL PARA EXTRANJEROS PRISMA AVANZA, Nivel B2<br \/>\n2 Volumes: Prisma del alumno (com 2 CDs) e Prisma de ejercicios<br \/>\nAno de edi\u00e7\u00e3o: 2007<br \/>\nEditor: Editorial Edinumen<br \/>\nIdioma: Espanhol<br \/>\nDimens\u00f5es: 21\u00a0 x 1 x 30 cm<br \/>\nEncaderna\u00e7\u00e3o: Capa mole<br \/>\nP\u00e1ginas: 186 e 131<\/p>\n","protected":false},"excerpt":{"rendered":"<p>M\u00c9TODO DE ESPA\u00d1OL PARA EXTRANJEROS PRISMA AVANZA, Nivel B2 2 Volumes: Prisma del alumno (com 2 CDs) e Prisma de ejercicios Ano de edi\u00e7\u00e3o: 2007 Editor: Editorial Edinumen Idioma: Espanhol Dimens\u00f5es: 21\u00a0 x 1 x 30 cm Encaderna\u00e7\u00e3o: Capa mole P\u00e1ginas: 186 e 131<\/p>\n","protected":false},"featured_media":2392,"comment_status":"open","ping_status":"closed","template":"","meta":{"om_disable_all_campaigns":false,"_monsterinsights_skip_tracking":false,"_monsterinsights_sitenote_active":false,"_monsterinsights_sitenote_note":"","_monsterinsights_sitenote_category":0,"_uf_show_specific_survey":0,"_uf_disable_surveys":false},"product_cat":[45],"product_tag":[],"aioseo_notices":[],"jetpack_sharing_enabled":true,"_links":{"self":[{"href":"https:\/\/casadolivreiro.pt\/index.php\/wp-json\/wp\/v2\/product\/2391"}],"collection":[{"href":"https:\/\/casadolivreiro.pt\/index.php\/wp-json\/wp\/v2\/product"}],"about":[{"href":"https:\/\/casadolivreiro.pt\/index.php\/wp-json\/wp\/v2\/types\/product"}],"replies":[{"embeddable":true,"href":"https:\/\/casadolivreiro.pt\/index.php\/wp-json\/wp\/v2\/comments?post=2391"}],"wp:featuredmedia":[{"embeddable":true,"href":"https:\/\/casadolivreiro.pt\/index.php\/wp-json\/wp\/v2\/media\/2392"}],"wp:attachment":[{"href":"https:\/\/casadolivreiro.pt\/index.php\/wp-json\/wp\/v2\/media?parent=2391"}],"wp:term":[{"taxonomy":"product_cat","embeddable":true,"href":"https:\/\/casadolivreiro.pt\/index.php\/wp-json\/wp\/v2\/product_cat?post=2391"},{"taxonomy":"product_tag","embeddable":true,"href":"https:\/\/casadolivreiro.pt\/index.php\/wp-json\/wp\/v2\/product_tag?post=2391"}],"curies":[{"name":"wp","href":"https:\/\/api.w.org\/{rel}","templated":true}]}}