{"id":239,"date":"2024-03-06T18:32:12","date_gmt":"2024-03-06T18:32:12","guid":{"rendered":"https:\/\/casadolivreiro.pt\/?post_type=product&#038;p=239"},"modified":"2024-03-06T18:34:14","modified_gmt":"2024-03-06T18:34:14","slug":"o-estilo-de-eurico-o-presbitero-por-antonio-magina-gomes-ferreira","status":"publish","type":"product","link":"https:\/\/casadolivreiro.pt\/index.php\/product\/o-estilo-de-eurico-o-presbitero-por-antonio-magina-gomes-ferreira\/","title":{"rendered":"O ESTILO DE  \u2018\u2019EURICO, O PRESB\u00cdTERO\u2019\u2019 &#8211; Por Ant\u00f3nio Magina Gomes Ferreira"},"content":{"rendered":"<p>O ESTILO DE \u2018\u2019EURICO, O PRESB\u00cdTERO\u2019\u2019 &#8211; Por Ant\u00f3nio Magina Gomes Ferreira<br \/>\n(Contribu\u00e7\u00e3o para o estudo do estilo de Herculano)<br \/>\nEditor: Faculdade de letras Coimbtra<br \/>\nData de Lan\u00e7amento: 1945<br \/>\nSuplementos de BIBLIUO, S\u00e9ria Primeira, Filologia Rom\u00e2nica, No.4<br \/>\nCapa mole:\u00a0 54paginas<br \/>\nDimens\u00f5es: 19 x 0.5 x 24cm<\/p>\n<p>\u201cEurico, o Presb\u00edtero\u201d \u00e9 um romance escrito por Alexandre Herculano e ambientado no s\u00e9culo VIII. A narrativa se inicia com a descri\u00e7\u00e3o da luta entre godos e mouros na pen\u00ednsula Ib\u00e9rica. O autor, nascido em Lisboa em 1810, \u00e9 considerado um dos iniciadores do Romantismo em Portugal junto com Almeida Garrett (1799-1854). Herculano produziu uma obra extensa e variada, destacando-se como historiador e romancista.<\/p>\n","protected":false},"excerpt":{"rendered":"<p>O ESTILO DE \u2018\u2019EURICO, O PRESB\u00cdTERO\u2019\u2019 &#8211; Por Ant\u00f3nio Magina Gomes Ferreira (Contribu\u00e7\u00e3o para o estudo do estilo de Herculano) Editor: Faculdade de letras Coimbtra Data de Lan\u00e7amento: 1945 Suplementos de BIBLIUO, S\u00e9ria Primeira, Filologia Rom\u00e2nica, No.4 Capa mole:\u00a0 54paginas Dimens\u00f5es: 19 x 0.5 x 24cm \u201cEurico, o Presb\u00edtero\u201d \u00e9 um romance escrito por Alexandre [&hellip;]<\/p>\n","protected":false},"featured_media":240,"comment_status":"open","ping_status":"closed","template":"","meta":{"om_disable_all_campaigns":false,"_monsterinsights_skip_tracking":false,"_monsterinsights_sitenote_active":false,"_monsterinsights_sitenote_note":"","_monsterinsights_sitenote_category":0,"_uf_show_specific_survey":0,"_uf_disable_surveys":false},"product_cat":[31,47,62,65],"product_tag":[],"aioseo_notices":[],"jetpack_sharing_enabled":true,"_links":{"self":[{"href":"https:\/\/casadolivreiro.pt\/index.php\/wp-json\/wp\/v2\/product\/239"}],"collection":[{"href":"https:\/\/casadolivreiro.pt\/index.php\/wp-json\/wp\/v2\/product"}],"about":[{"href":"https:\/\/casadolivreiro.pt\/index.php\/wp-json\/wp\/v2\/types\/product"}],"replies":[{"embeddable":true,"href":"https:\/\/casadolivreiro.pt\/index.php\/wp-json\/wp\/v2\/comments?post=239"}],"wp:featuredmedia":[{"embeddable":true,"href":"https:\/\/casadolivreiro.pt\/index.php\/wp-json\/wp\/v2\/media\/240"}],"wp:attachment":[{"href":"https:\/\/casadolivreiro.pt\/index.php\/wp-json\/wp\/v2\/media?parent=239"}],"wp:term":[{"taxonomy":"product_cat","embeddable":true,"href":"https:\/\/casadolivreiro.pt\/index.php\/wp-json\/wp\/v2\/product_cat?post=239"},{"taxonomy":"product_tag","embeddable":true,"href":"https:\/\/casadolivreiro.pt\/index.php\/wp-json\/wp\/v2\/product_tag?post=239"}],"curies":[{"name":"wp","href":"https:\/\/api.w.org\/{rel}","templated":true}]}}