{"id":2389,"date":"2024-04-13T15:31:24","date_gmt":"2024-04-13T15:31:24","guid":{"rendered":"https:\/\/casadolivreiro.pt\/?post_type=product&#038;p=2389"},"modified":"2024-04-13T15:31:24","modified_gmt":"2024-04-13T15:31:24","slug":"espanol-en-marcha-curso-de-espanol-como-lengua-extranjera-nivel-basico-a1-a2-2-volumes-libro-del-alumno-e-cuaderno-de-ejercicios-francisco-castro-viudez-pilar-diaz-ballesteros-ignacio-rodero","status":"publish","type":"product","link":"https:\/\/casadolivreiro.pt\/index.php\/product\/espanol-en-marcha-curso-de-espanol-como-lengua-extranjera-nivel-basico-a1-a2-2-volumes-libro-del-alumno-e-cuaderno-de-ejercicios-francisco-castro-viudez-pilar-diaz-ballesteros-ignacio-rodero\/","title":{"rendered":"ESPA\u00d1OL EN MARCHA: Curso de espa\u00f1ol como lengua extranjera, Nivel b\u00e1sico (A1 + A2) 2 Volumes: Libro del alumno e Cuaderno de ejercicios  Francisco Castro Vi\u00fadez, Pilar D\u00edaz Ballesteros, Ignacio Rodero D\u00edez, Carmen Sardinero Franco"},"content":{"rendered":"<p>ESPA\u00d1OL EN MARCHA: Curso de espa\u00f1ol como lengua extranjera, Nivel b\u00e1sico (A1 + A2)<br \/>\n2 Volumes: Libro del alumno e Cuaderno de ejercicios<br \/>\nFrancisco Castro Vi\u00fadez, Pilar D\u00edaz Ballesteros, Ignacio Rodero D\u00edez, Carmen Sardinero Franco<br \/>\nISBN: 84-9778-202-X e 84-9778-203-8<br \/>\nAno de edi\u00e7\u00e3o: 2005<br \/>\nEditor: SGEL- Educaci\u00f3n, Madrid<br \/>\nIdioma: Espanhol<br \/>\nDimens\u00f5es: 21\u00a0 x 1 x 28 cm<br \/>\nEncaderna\u00e7\u00e3o: Capa mole<br \/>\nP\u00e1ginas: 216 e 112<\/p>\n","protected":false},"excerpt":{"rendered":"<p>ESPA\u00d1OL EN MARCHA: Curso de espa\u00f1ol como lengua extranjera, Nivel b\u00e1sico (A1 + A2) 2 Volumes: Libro del alumno e Cuaderno de ejercicios Francisco Castro Vi\u00fadez, Pilar D\u00edaz Ballesteros, Ignacio Rodero D\u00edez, Carmen Sardinero Franco ISBN: 84-9778-202-X e 84-9778-203-8 Ano de edi\u00e7\u00e3o: 2005 Editor: SGEL- Educaci\u00f3n, Madrid Idioma: Espanhol Dimens\u00f5es: 21\u00a0 x 1 x 28 [&hellip;]<\/p>\n","protected":false},"featured_media":2390,"comment_status":"open","ping_status":"closed","template":"","meta":{"om_disable_all_campaigns":false,"_monsterinsights_skip_tracking":false,"_monsterinsights_sitenote_active":false,"_monsterinsights_sitenote_note":"","_monsterinsights_sitenote_category":0,"_uf_show_specific_survey":0,"_uf_disable_surveys":false},"product_cat":[45],"product_tag":[],"aioseo_notices":[],"jetpack_sharing_enabled":true,"_links":{"self":[{"href":"https:\/\/casadolivreiro.pt\/index.php\/wp-json\/wp\/v2\/product\/2389"}],"collection":[{"href":"https:\/\/casadolivreiro.pt\/index.php\/wp-json\/wp\/v2\/product"}],"about":[{"href":"https:\/\/casadolivreiro.pt\/index.php\/wp-json\/wp\/v2\/types\/product"}],"replies":[{"embeddable":true,"href":"https:\/\/casadolivreiro.pt\/index.php\/wp-json\/wp\/v2\/comments?post=2389"}],"wp:featuredmedia":[{"embeddable":true,"href":"https:\/\/casadolivreiro.pt\/index.php\/wp-json\/wp\/v2\/media\/2390"}],"wp:attachment":[{"href":"https:\/\/casadolivreiro.pt\/index.php\/wp-json\/wp\/v2\/media?parent=2389"}],"wp:term":[{"taxonomy":"product_cat","embeddable":true,"href":"https:\/\/casadolivreiro.pt\/index.php\/wp-json\/wp\/v2\/product_cat?post=2389"},{"taxonomy":"product_tag","embeddable":true,"href":"https:\/\/casadolivreiro.pt\/index.php\/wp-json\/wp\/v2\/product_tag?post=2389"}],"curies":[{"name":"wp","href":"https:\/\/api.w.org\/{rel}","templated":true}]}}