{"id":2387,"date":"2024-04-13T15:28:19","date_gmt":"2024-04-13T15:28:19","guid":{"rendered":"https:\/\/casadolivreiro.pt\/?post_type=product&#038;p=2387"},"modified":"2024-04-13T15:28:19","modified_gmt":"2024-04-13T15:28:19","slug":"surveillance-infirmiere-medecine-chirurgie-dr-a-harlay-dr-r-delforges","status":"publish","type":"product","link":"https:\/\/casadolivreiro.pt\/index.php\/product\/surveillance-infirmiere-medecine-chirurgie-dr-a-harlay-dr-r-delforges\/","title":{"rendered":"SURVEILLANCE INFIRMI\u00c8RE: m\u00e9decine-chirurgie &#8211; Dr. A. Harlay, Dr. R. Delforges"},"content":{"rendered":"<p>SURVEILLANCE INFIRMI\u00c8RE: m\u00e9decine-chirurgie<br \/>\nDr. A. Harlay, Dr. R. Delforges<br \/>\nISBN: 2-85030-041-1<br \/>\nAno de edi\u00e7\u00e3o: 1990<br \/>\nEditor: \u00c9ditions Lamarre-Poinat, Paris<br \/>\nIdioma: Franc\u00eas<br \/>\nDimens\u00f5es: 17\u00a0 x 2.8 x 24 cm<br \/>\nEncaderna\u00e7\u00e3o: Capa mole<br \/>\nP\u00e1ginas: 478<\/p>\n","protected":false},"excerpt":{"rendered":"<p>SURVEILLANCE INFIRMI\u00c8RE: m\u00e9decine-chirurgie Dr. A. Harlay, Dr. R. Delforges ISBN: 2-85030-041-1 Ano de edi\u00e7\u00e3o: 1990 Editor: \u00c9ditions Lamarre-Poinat, Paris Idioma: Franc\u00eas Dimens\u00f5es: 17\u00a0 x 2.8 x 24 cm Encaderna\u00e7\u00e3o: Capa mole P\u00e1ginas: 478<\/p>\n","protected":false},"featured_media":2388,"comment_status":"open","ping_status":"closed","template":"","meta":{"om_disable_all_campaigns":false,"_monsterinsights_skip_tracking":false,"_monsterinsights_sitenote_active":false,"_monsterinsights_sitenote_note":"","_monsterinsights_sitenote_category":0,"_uf_show_specific_survey":0,"_uf_disable_surveys":false},"product_cat":[56,43],"product_tag":[],"aioseo_notices":[],"jetpack_sharing_enabled":true,"_links":{"self":[{"href":"https:\/\/casadolivreiro.pt\/index.php\/wp-json\/wp\/v2\/product\/2387"}],"collection":[{"href":"https:\/\/casadolivreiro.pt\/index.php\/wp-json\/wp\/v2\/product"}],"about":[{"href":"https:\/\/casadolivreiro.pt\/index.php\/wp-json\/wp\/v2\/types\/product"}],"replies":[{"embeddable":true,"href":"https:\/\/casadolivreiro.pt\/index.php\/wp-json\/wp\/v2\/comments?post=2387"}],"wp:featuredmedia":[{"embeddable":true,"href":"https:\/\/casadolivreiro.pt\/index.php\/wp-json\/wp\/v2\/media\/2388"}],"wp:attachment":[{"href":"https:\/\/casadolivreiro.pt\/index.php\/wp-json\/wp\/v2\/media?parent=2387"}],"wp:term":[{"taxonomy":"product_cat","embeddable":true,"href":"https:\/\/casadolivreiro.pt\/index.php\/wp-json\/wp\/v2\/product_cat?post=2387"},{"taxonomy":"product_tag","embeddable":true,"href":"https:\/\/casadolivreiro.pt\/index.php\/wp-json\/wp\/v2\/product_tag?post=2387"}],"curies":[{"name":"wp","href":"https:\/\/api.w.org\/{rel}","templated":true}]}}