{"id":2381,"date":"2024-04-13T15:18:26","date_gmt":"2024-04-13T15:18:26","guid":{"rendered":"https:\/\/casadolivreiro.pt\/?post_type=product&#038;p=2381"},"modified":"2024-04-13T15:18:26","modified_gmt":"2024-04-13T15:18:26","slug":"esqueletos-glendon-swarthout","status":"publish","type":"product","link":"https:\/\/casadolivreiro.pt\/index.php\/product\/esqueletos-glendon-swarthout\/","title":{"rendered":"ESQUELETOS &#8211; Glendon Swarthout"},"content":{"rendered":"<p>ESQUELETOS<br \/>\nGlendon Swarthout<br \/>\nTradu\u00e7\u00e3o de Fernanda Pinto Rodrigues<br \/>\nColec\u00e7\u00e3o CAMINHO policial<br \/>\nAno de edi\u00e7\u00e3o: 1985<br \/>\nEditor: Editorial Caminho, Lisboa<br \/>\nIdioma: Portugu\u00eas<br \/>\nDimens\u00f5es: 12\u00a0 x 1 x 19 cm<br \/>\nEncaderna\u00e7\u00e3o: Capa mole<br \/>\nP\u00e1ginas: 192<\/p>\n","protected":false},"excerpt":{"rendered":"<p>ESQUELETOS Glendon Swarthout Tradu\u00e7\u00e3o de Fernanda Pinto Rodrigues Colec\u00e7\u00e3o CAMINHO policial Ano de edi\u00e7\u00e3o: 1985 Editor: Editorial Caminho, Lisboa Idioma: Portugu\u00eas Dimens\u00f5es: 12\u00a0 x 1 x 19 cm Encaderna\u00e7\u00e3o: Capa mole P\u00e1ginas: 192<\/p>\n","protected":false},"featured_media":2382,"comment_status":"open","ping_status":"closed","template":"","meta":{"om_disable_all_campaigns":false,"_monsterinsights_skip_tracking":false,"_monsterinsights_sitenote_active":false,"_monsterinsights_sitenote_note":"","_monsterinsights_sitenote_category":0,"_uf_show_specific_survey":0,"_uf_disable_surveys":false},"product_cat":[44],"product_tag":[],"aioseo_notices":[],"jetpack_sharing_enabled":true,"_links":{"self":[{"href":"https:\/\/casadolivreiro.pt\/index.php\/wp-json\/wp\/v2\/product\/2381"}],"collection":[{"href":"https:\/\/casadolivreiro.pt\/index.php\/wp-json\/wp\/v2\/product"}],"about":[{"href":"https:\/\/casadolivreiro.pt\/index.php\/wp-json\/wp\/v2\/types\/product"}],"replies":[{"embeddable":true,"href":"https:\/\/casadolivreiro.pt\/index.php\/wp-json\/wp\/v2\/comments?post=2381"}],"wp:featuredmedia":[{"embeddable":true,"href":"https:\/\/casadolivreiro.pt\/index.php\/wp-json\/wp\/v2\/media\/2382"}],"wp:attachment":[{"href":"https:\/\/casadolivreiro.pt\/index.php\/wp-json\/wp\/v2\/media?parent=2381"}],"wp:term":[{"taxonomy":"product_cat","embeddable":true,"href":"https:\/\/casadolivreiro.pt\/index.php\/wp-json\/wp\/v2\/product_cat?post=2381"},{"taxonomy":"product_tag","embeddable":true,"href":"https:\/\/casadolivreiro.pt\/index.php\/wp-json\/wp\/v2\/product_tag?post=2381"}],"curies":[{"name":"wp","href":"https:\/\/api.w.org\/{rel}","templated":true}]}}