{"id":2377,"date":"2024-04-13T15:12:25","date_gmt":"2024-04-13T15:12:25","guid":{"rendered":"https:\/\/casadolivreiro.pt\/?post_type=product&#038;p=2377"},"modified":"2024-04-13T15:12:25","modified_gmt":"2024-04-13T15:12:25","slug":"encontro-com-um-assassino-obras-completas-de-agatha-christie","status":"publish","type":"product","link":"https:\/\/casadolivreiro.pt\/index.php\/product\/encontro-com-um-assassino-obras-completas-de-agatha-christie\/","title":{"rendered":"ENCONTRO COM UM ASSASSINO &#8211; Obras completas de Agatha Christie"},"content":{"rendered":"<p>ENCONTRO COM UM ASSASSINO<br \/>\nObras completas de Agatha Christie<br \/>\nTradu\u00e7\u00e3o de Fernanda Pinto Rodrigues<br \/>\nAno de edi\u00e7\u00e3o:<br \/>\nEditor: Edi\u00e7\u00e3o Livros do Brasil, Lisboa<br \/>\nIdioma: Portugu\u00eas<br \/>\nDimens\u00f5es: 13.5\u00a0 x 2.8 x 21 cm<br \/>\nEncaderna\u00e7\u00e3o: Capa dura<br \/>\nP\u00e1ginas: 436<\/p>\n","protected":false},"excerpt":{"rendered":"<p>ENCONTRO COM UM ASSASSINO Obras completas de Agatha Christie Tradu\u00e7\u00e3o de Fernanda Pinto Rodrigues Ano de edi\u00e7\u00e3o: Editor: Edi\u00e7\u00e3o Livros do Brasil, Lisboa Idioma: Portugu\u00eas Dimens\u00f5es: 13.5\u00a0 x 2.8 x 21 cm Encaderna\u00e7\u00e3o: Capa dura P\u00e1ginas: 436<\/p>\n","protected":false},"featured_media":2378,"comment_status":"open","ping_status":"closed","template":"","meta":{"om_disable_all_campaigns":false,"_monsterinsights_skip_tracking":false,"_monsterinsights_sitenote_active":false,"_monsterinsights_sitenote_note":"","_monsterinsights_sitenote_category":0,"_uf_show_specific_survey":0,"_uf_disable_surveys":false},"product_cat":[44],"product_tag":[],"aioseo_notices":[],"jetpack_sharing_enabled":true,"_links":{"self":[{"href":"https:\/\/casadolivreiro.pt\/index.php\/wp-json\/wp\/v2\/product\/2377"}],"collection":[{"href":"https:\/\/casadolivreiro.pt\/index.php\/wp-json\/wp\/v2\/product"}],"about":[{"href":"https:\/\/casadolivreiro.pt\/index.php\/wp-json\/wp\/v2\/types\/product"}],"replies":[{"embeddable":true,"href":"https:\/\/casadolivreiro.pt\/index.php\/wp-json\/wp\/v2\/comments?post=2377"}],"wp:featuredmedia":[{"embeddable":true,"href":"https:\/\/casadolivreiro.pt\/index.php\/wp-json\/wp\/v2\/media\/2378"}],"wp:attachment":[{"href":"https:\/\/casadolivreiro.pt\/index.php\/wp-json\/wp\/v2\/media?parent=2377"}],"wp:term":[{"taxonomy":"product_cat","embeddable":true,"href":"https:\/\/casadolivreiro.pt\/index.php\/wp-json\/wp\/v2\/product_cat?post=2377"},{"taxonomy":"product_tag","embeddable":true,"href":"https:\/\/casadolivreiro.pt\/index.php\/wp-json\/wp\/v2\/product_tag?post=2377"}],"curies":[{"name":"wp","href":"https:\/\/api.w.org\/{rel}","templated":true}]}}