{"id":2375,"date":"2024-04-13T15:07:21","date_gmt":"2024-04-13T15:07:21","guid":{"rendered":"https:\/\/casadolivreiro.pt\/?post_type=product&#038;p=2375"},"modified":"2024-04-13T15:07:21","modified_gmt":"2024-04-13T15:07:21","slug":"a-regiao-submersa-tabajara-ruis","status":"publish","type":"product","link":"https:\/\/casadolivreiro.pt\/index.php\/product\/a-regiao-submersa-tabajara-ruis\/","title":{"rendered":"A REGI\u00c3O SUBMERSA &#8211; Tabajara Ruis"},"content":{"rendered":"<p>A REGI\u00c3O SUBMERSA<br \/>\nTabajara Ruis<br \/>\nAno de edi\u00e7\u00e3o: 1978<br \/>\nEditor: Livraria Bertrand, S.A.R.L., Lisboa<br \/>\nIdioma: Portugu\u00eas<br \/>\nDimens\u00f5es: 14\u00a0 x 2 x 21 cm<br \/>\nEncaderna\u00e7\u00e3o: Capa mole<br \/>\nP\u00e1ginas: 336<\/p>\n","protected":false},"excerpt":{"rendered":"<p>A REGI\u00c3O SUBMERSA Tabajara Ruis Ano de edi\u00e7\u00e3o: 1978 Editor: Livraria Bertrand, S.A.R.L., Lisboa Idioma: Portugu\u00eas Dimens\u00f5es: 14\u00a0 x 2 x 21 cm Encaderna\u00e7\u00e3o: Capa mole P\u00e1ginas: 336<\/p>\n","protected":false},"featured_media":2376,"comment_status":"open","ping_status":"closed","template":"","meta":{"om_disable_all_campaigns":false,"_monsterinsights_skip_tracking":false,"_monsterinsights_sitenote_active":false,"_monsterinsights_sitenote_note":"","_monsterinsights_sitenote_category":0,"_uf_show_specific_survey":0,"_uf_disable_surveys":false},"product_cat":[44],"product_tag":[],"aioseo_notices":[],"jetpack_sharing_enabled":true,"_links":{"self":[{"href":"https:\/\/casadolivreiro.pt\/index.php\/wp-json\/wp\/v2\/product\/2375"}],"collection":[{"href":"https:\/\/casadolivreiro.pt\/index.php\/wp-json\/wp\/v2\/product"}],"about":[{"href":"https:\/\/casadolivreiro.pt\/index.php\/wp-json\/wp\/v2\/types\/product"}],"replies":[{"embeddable":true,"href":"https:\/\/casadolivreiro.pt\/index.php\/wp-json\/wp\/v2\/comments?post=2375"}],"wp:featuredmedia":[{"embeddable":true,"href":"https:\/\/casadolivreiro.pt\/index.php\/wp-json\/wp\/v2\/media\/2376"}],"wp:attachment":[{"href":"https:\/\/casadolivreiro.pt\/index.php\/wp-json\/wp\/v2\/media?parent=2375"}],"wp:term":[{"taxonomy":"product_cat","embeddable":true,"href":"https:\/\/casadolivreiro.pt\/index.php\/wp-json\/wp\/v2\/product_cat?post=2375"},{"taxonomy":"product_tag","embeddable":true,"href":"https:\/\/casadolivreiro.pt\/index.php\/wp-json\/wp\/v2\/product_tag?post=2375"}],"curies":[{"name":"wp","href":"https:\/\/api.w.org\/{rel}","templated":true}]}}