{"id":2373,"date":"2024-04-13T15:03:44","date_gmt":"2024-04-13T15:03:44","guid":{"rendered":"https:\/\/casadolivreiro.pt\/?post_type=product&#038;p=2373"},"modified":"2024-04-13T15:03:44","modified_gmt":"2024-04-13T15:03:44","slug":"instinto-assassino-william-randolph-stevens","status":"publish","type":"product","link":"https:\/\/casadolivreiro.pt\/index.php\/product\/instinto-assassino-william-randolph-stevens\/","title":{"rendered":"INSTINTO ASSASSINO &#8211; William Randolph Stevens"},"content":{"rendered":"<p>INSTINTO ASSASSINO<br \/>\nWilliam Randolph Stevens<br \/>\nTradu\u00e7\u00e3o de Isa Mara Lando<br \/>\nAno de edi\u00e7\u00e3o:<br \/>\nEditor: Editora Rio Gr\u00e1fica Ltda., Rio de Janeiro<br \/>\nIdioma: Portugu\u00eas<br \/>\nDimens\u00f5es: 14\u00a0 x 2.2 x 21 cm<br \/>\nEncaderna\u00e7\u00e3o: Capa mole<br \/>\nP\u00e1ginas: 295<\/p>\n","protected":false},"excerpt":{"rendered":"<p>INSTINTO ASSASSINO William Randolph Stevens Tradu\u00e7\u00e3o de Isa Mara Lando Ano de edi\u00e7\u00e3o: Editor: Editora Rio Gr\u00e1fica Ltda., Rio de Janeiro Idioma: Portugu\u00eas Dimens\u00f5es: 14\u00a0 x 2.2 x 21 cm Encaderna\u00e7\u00e3o: Capa mole P\u00e1ginas: 295<\/p>\n","protected":false},"featured_media":2374,"comment_status":"open","ping_status":"closed","template":"","meta":{"om_disable_all_campaigns":false,"_monsterinsights_skip_tracking":false,"_monsterinsights_sitenote_active":false,"_monsterinsights_sitenote_note":"","_monsterinsights_sitenote_category":0,"_uf_show_specific_survey":0,"_uf_disable_surveys":false},"product_cat":[44],"product_tag":[],"aioseo_notices":[],"jetpack_sharing_enabled":true,"_links":{"self":[{"href":"https:\/\/casadolivreiro.pt\/index.php\/wp-json\/wp\/v2\/product\/2373"}],"collection":[{"href":"https:\/\/casadolivreiro.pt\/index.php\/wp-json\/wp\/v2\/product"}],"about":[{"href":"https:\/\/casadolivreiro.pt\/index.php\/wp-json\/wp\/v2\/types\/product"}],"replies":[{"embeddable":true,"href":"https:\/\/casadolivreiro.pt\/index.php\/wp-json\/wp\/v2\/comments?post=2373"}],"wp:featuredmedia":[{"embeddable":true,"href":"https:\/\/casadolivreiro.pt\/index.php\/wp-json\/wp\/v2\/media\/2374"}],"wp:attachment":[{"href":"https:\/\/casadolivreiro.pt\/index.php\/wp-json\/wp\/v2\/media?parent=2373"}],"wp:term":[{"taxonomy":"product_cat","embeddable":true,"href":"https:\/\/casadolivreiro.pt\/index.php\/wp-json\/wp\/v2\/product_cat?post=2373"},{"taxonomy":"product_tag","embeddable":true,"href":"https:\/\/casadolivreiro.pt\/index.php\/wp-json\/wp\/v2\/product_tag?post=2373"}],"curies":[{"name":"wp","href":"https:\/\/api.w.org\/{rel}","templated":true}]}}