{"id":2371,"date":"2024-04-13T14:18:27","date_gmt":"2024-04-13T14:18:27","guid":{"rendered":"https:\/\/casadolivreiro.pt\/?post_type=product&#038;p=2371"},"modified":"2024-04-13T14:18:27","modified_gmt":"2024-04-13T14:18:27","slug":"o-veneravel-espiao-ii-o-abanar-da-arvore-john-le-carre","status":"publish","type":"product","link":"https:\/\/casadolivreiro.pt\/index.php\/product\/o-veneravel-espiao-ii-o-abanar-da-arvore-john-le-carre\/","title":{"rendered":"O VENER\u00c1VEL ESPI\u00c3O, II O Abanar da \u00c1rvore &#8211; John Le Carre"},"content":{"rendered":"<p>O VENER\u00c1VEL ESPI\u00c3O, II O Abanar da \u00c1rvore<br \/>\nJohn Le Carre<br \/>\nTradu\u00e7\u00e3o de Joaquim Duarte Peixoto<br \/>\nColec\u00e7\u00e3o Seculo XX<br \/>\nAno de edi\u00e7\u00e3o: 1977<br \/>\nEditor: Publica\u00e7\u00f5es Europa-Am\u00e9rica, Lisboa<br \/>\nIdioma: Portugu\u00eas<br \/>\nDimens\u00f5es: 13.7\u00a0 x 1.8 x 20.7 cm<br \/>\nEncaderna\u00e7\u00e3o: Capa mole<br \/>\nP\u00e1ginas: 267<\/p>\n","protected":false},"excerpt":{"rendered":"<p>O VENER\u00c1VEL ESPI\u00c3O, II O Abanar da \u00c1rvore John Le Carre Tradu\u00e7\u00e3o de Joaquim Duarte Peixoto Colec\u00e7\u00e3o Seculo XX Ano de edi\u00e7\u00e3o: 1977 Editor: Publica\u00e7\u00f5es Europa-Am\u00e9rica, Lisboa Idioma: Portugu\u00eas Dimens\u00f5es: 13.7\u00a0 x 1.8 x 20.7 cm Encaderna\u00e7\u00e3o: Capa mole P\u00e1ginas: 267<\/p>\n","protected":false},"featured_media":2372,"comment_status":"open","ping_status":"closed","template":"","meta":{"om_disable_all_campaigns":false,"_monsterinsights_skip_tracking":false,"_monsterinsights_sitenote_active":false,"_monsterinsights_sitenote_note":"","_monsterinsights_sitenote_category":0,"_uf_show_specific_survey":0,"_uf_disable_surveys":false},"product_cat":[44],"product_tag":[],"aioseo_notices":[],"jetpack_sharing_enabled":true,"_links":{"self":[{"href":"https:\/\/casadolivreiro.pt\/index.php\/wp-json\/wp\/v2\/product\/2371"}],"collection":[{"href":"https:\/\/casadolivreiro.pt\/index.php\/wp-json\/wp\/v2\/product"}],"about":[{"href":"https:\/\/casadolivreiro.pt\/index.php\/wp-json\/wp\/v2\/types\/product"}],"replies":[{"embeddable":true,"href":"https:\/\/casadolivreiro.pt\/index.php\/wp-json\/wp\/v2\/comments?post=2371"}],"wp:featuredmedia":[{"embeddable":true,"href":"https:\/\/casadolivreiro.pt\/index.php\/wp-json\/wp\/v2\/media\/2372"}],"wp:attachment":[{"href":"https:\/\/casadolivreiro.pt\/index.php\/wp-json\/wp\/v2\/media?parent=2371"}],"wp:term":[{"taxonomy":"product_cat","embeddable":true,"href":"https:\/\/casadolivreiro.pt\/index.php\/wp-json\/wp\/v2\/product_cat?post=2371"},{"taxonomy":"product_tag","embeddable":true,"href":"https:\/\/casadolivreiro.pt\/index.php\/wp-json\/wp\/v2\/product_tag?post=2371"}],"curies":[{"name":"wp","href":"https:\/\/api.w.org\/{rel}","templated":true}]}}