{"id":237,"date":"2024-03-06T18:25:11","date_gmt":"2024-03-06T18:25:11","guid":{"rendered":"https:\/\/casadolivreiro.pt\/?post_type=product&#038;p=237"},"modified":"2024-03-06T18:25:12","modified_gmt":"2024-03-06T18:25:12","slug":"a-volta-ao-mundo-em-oitenta-dias-julio-verne","status":"publish","type":"product","link":"https:\/\/casadolivreiro.pt\/index.php\/product\/a-volta-ao-mundo-em-oitenta-dias-julio-verne\/","title":{"rendered":"A VOLTA AO MUNDO EM OITENTA DIAS \u2013 J\u00falio Verne"},"content":{"rendered":"<p>A VOLTA AO MUNDO EM OITENTA DIAS \u2013 J\u00falio Verne<br \/>\nCole\u00e7\u00e3o J\u00falio Verne N\u00ba 1<br \/>\nEditora \u200f : \u200e RBA (1 janeiro 2018)<br \/>\nIdioma \u200f : \u200e Portugu\u00eas<br \/>\nCapa dura \u200f : \u200e 255 p\u00e1ginas<br \/>\nISBN-10 \u200f : \u200e 8447328511<br \/>\nISBN-13 \u200f : \u200e 978-8447328512<br \/>\nDimens\u00f5es: 16.3 x 2.2 x 23.8<\/p>\n<p>&#8220;Le Tour de Monde en Quatre-Vingt Jours&#8221; ou &#8220;A Volta ao Mundo em Oitenta Dias&#8221; conferiu a Julio Verne renome mundial e fez dele um homem rico. Para se ter uma ideia do estrondoso sucesso, quando publicado em 1873, o livro vendeu surpreendentes 180.000 exemplares, com as tradu\u00e7\u00f5es para o ingl\u00eas, russo italiano e espanhol.<\/p>\n<p>Sua hist\u00f3ria gira em torno de uma aposta entre o exc\u00eantrico Phileas Fogg e os membros do Reform-Club da qual ele faz parte. O que est\u00e1 em jogo s\u00e3o 20.000 libras, caso n\u00e3o consiga circunavegar a Terra em &#8220;apenas&#8221; oitenta dias na companhia de seu criado, o franc\u00eas Jean Chavemestra. Por sinal, a bordo de navio, trem, coche, escuna, cargueiro, tren\u00f3 e at\u00e9 elefante, a dupla revela-se bem ajustada mas tamb\u00e9m singular. Enquanto Mr. Fogg \u00e9 o estere\u00f3tipo do ingl\u00eas: fleum\u00e1tico, polido e met\u00f3dico; Verne foi mais generoso com seu compatriota, Chavemestra \u00e9 perspicaz e emp\u00e1tico com pessoas e lugares.<\/p>\n<p>Munido de muita imagina\u00e7\u00e3o e de um exemplar do Bradshaw&#8217;s Continental Railway Steam Transit and General Guide, um guia com hor\u00e1rios de partidas de chegadas de trens e navios, o escritor criou uma hist\u00f3ria deliciosa, repleta de aventuras e capaz de perdoar todas as inconsist\u00eancias geogr\u00e1ficas que aparecem em suas 234 p\u00e1ginas. Partindo de Londres, Phileas e Chavemestra cruzam com personagens interessantes, como Mr. Fix, um detetive atr\u00e1s de um ladr\u00e3o de banco, e Mrs. Aouda, uma indiana condenada a morrer queimada junto do cad\u00e1ver do marido num bizarro ritual. Enfim, ap\u00f3s in\u00fameros acidentes e imprevistos, um erro de c\u00e1lculo marca um dos desfechos mais brilhantes da literatura mundial.<\/p>\n<p>Em 1956, o livro recebeu sua melhor adapta\u00e7\u00e3o para o cinema e no ano seguinte, ela levou o Oscar de melhor filme, roteiro adaptado, montagem, fotografia e trilha sonora. Trata-se de uma superprodu\u00e7\u00e3o com David Niven, Cantinflas (M\u00e1rio Moreno) e Shirley MacLaine nos pap\u00e9is principais. Conta ainda com a participa\u00e7\u00e3o especial de grandes astros da \u00e9poca, merecendo destaque Frank Sinatra, Marlene Dietrich, John Gielgud e Buster Keaton.<\/p>\n","protected":false},"excerpt":{"rendered":"<p>A VOLTA AO MUNDO EM OITENTA DIAS \u2013 J\u00falio Verne Cole\u00e7\u00e3o J\u00falio Verne N\u00ba 1 Editora \u200f : \u200e RBA (1 janeiro 2018) Idioma \u200f : \u200e Portugu\u00eas Capa dura \u200f : \u200e 255 p\u00e1ginas ISBN-10 \u200f : \u200e 8447328511 ISBN-13 \u200f : \u200e 978-8447328512 Dimens\u00f5es: 16.3 x 2.2 x 23.8 &#8220;Le Tour de Monde [&hellip;]<\/p>\n","protected":false},"featured_media":238,"comment_status":"open","ping_status":"closed","template":"","meta":{"om_disable_all_campaigns":false,"_monsterinsights_skip_tracking":false,"_monsterinsights_sitenote_active":false,"_monsterinsights_sitenote_note":"","_monsterinsights_sitenote_category":0,"_uf_show_specific_survey":0,"_uf_disable_surveys":false},"product_cat":[26,62],"product_tag":[],"aioseo_notices":[],"jetpack_sharing_enabled":true,"_links":{"self":[{"href":"https:\/\/casadolivreiro.pt\/index.php\/wp-json\/wp\/v2\/product\/237"}],"collection":[{"href":"https:\/\/casadolivreiro.pt\/index.php\/wp-json\/wp\/v2\/product"}],"about":[{"href":"https:\/\/casadolivreiro.pt\/index.php\/wp-json\/wp\/v2\/types\/product"}],"replies":[{"embeddable":true,"href":"https:\/\/casadolivreiro.pt\/index.php\/wp-json\/wp\/v2\/comments?post=237"}],"wp:featuredmedia":[{"embeddable":true,"href":"https:\/\/casadolivreiro.pt\/index.php\/wp-json\/wp\/v2\/media\/238"}],"wp:attachment":[{"href":"https:\/\/casadolivreiro.pt\/index.php\/wp-json\/wp\/v2\/media?parent=237"}],"wp:term":[{"taxonomy":"product_cat","embeddable":true,"href":"https:\/\/casadolivreiro.pt\/index.php\/wp-json\/wp\/v2\/product_cat?post=237"},{"taxonomy":"product_tag","embeddable":true,"href":"https:\/\/casadolivreiro.pt\/index.php\/wp-json\/wp\/v2\/product_tag?post=237"}],"curies":[{"name":"wp","href":"https:\/\/api.w.org\/{rel}","templated":true}]}}