{"id":2369,"date":"2024-04-13T14:12:53","date_gmt":"2024-04-13T14:12:53","guid":{"rendered":"https:\/\/casadolivreiro.pt\/?post_type=product&#038;p=2369"},"modified":"2024-04-13T14:12:53","modified_gmt":"2024-04-13T14:12:53","slug":"a-morte-de-lord-edgware-testemunha-de-acusacao-obras-completas-de-agatha-christie","status":"publish","type":"product","link":"https:\/\/casadolivreiro.pt\/index.php\/product\/a-morte-de-lord-edgware-testemunha-de-acusacao-obras-completas-de-agatha-christie\/","title":{"rendered":"A MORTE DE LORD EDGWARE \/ TESTEMUNHA DE ACUSA\u00c7\u00c3O &#8211; Obras completas de Agatha Christie"},"content":{"rendered":"<p>A MORTE DE LORD EDGWARE \/ TESTEMUNHA DE ACUSA\u00c7\u00c3O<br \/>\nObras completas de Agatha Christie<br \/>\nTradu\u00e7\u00e3o de Almeida Campos<br \/>\nAno de edi\u00e7\u00e3o:<br \/>\nEditor: Edi\u00e7\u00e3o Livros do Brasil, Lisboa<br \/>\nIdioma: Portugu\u00eas<br \/>\nDimens\u00f5es: 14.5\u00a0 x 2.3 x 21 cm<br \/>\nEncaderna\u00e7\u00e3o: Capa mole<br \/>\nP\u00e1ginas: 476<\/p>\n","protected":false},"excerpt":{"rendered":"<p>A MORTE DE LORD EDGWARE \/ TESTEMUNHA DE ACUSA\u00c7\u00c3O Obras completas de Agatha Christie Tradu\u00e7\u00e3o de Almeida Campos Ano de edi\u00e7\u00e3o: Editor: Edi\u00e7\u00e3o Livros do Brasil, Lisboa Idioma: Portugu\u00eas Dimens\u00f5es: 14.5\u00a0 x 2.3 x 21 cm Encaderna\u00e7\u00e3o: Capa mole P\u00e1ginas: 476<\/p>\n","protected":false},"featured_media":2370,"comment_status":"open","ping_status":"closed","template":"","meta":{"om_disable_all_campaigns":false,"_monsterinsights_skip_tracking":false,"_monsterinsights_sitenote_active":false,"_monsterinsights_sitenote_note":"","_monsterinsights_sitenote_category":0,"_uf_show_specific_survey":0,"_uf_disable_surveys":false},"product_cat":[44],"product_tag":[],"aioseo_notices":[],"jetpack_sharing_enabled":true,"_links":{"self":[{"href":"https:\/\/casadolivreiro.pt\/index.php\/wp-json\/wp\/v2\/product\/2369"}],"collection":[{"href":"https:\/\/casadolivreiro.pt\/index.php\/wp-json\/wp\/v2\/product"}],"about":[{"href":"https:\/\/casadolivreiro.pt\/index.php\/wp-json\/wp\/v2\/types\/product"}],"replies":[{"embeddable":true,"href":"https:\/\/casadolivreiro.pt\/index.php\/wp-json\/wp\/v2\/comments?post=2369"}],"wp:featuredmedia":[{"embeddable":true,"href":"https:\/\/casadolivreiro.pt\/index.php\/wp-json\/wp\/v2\/media\/2370"}],"wp:attachment":[{"href":"https:\/\/casadolivreiro.pt\/index.php\/wp-json\/wp\/v2\/media?parent=2369"}],"wp:term":[{"taxonomy":"product_cat","embeddable":true,"href":"https:\/\/casadolivreiro.pt\/index.php\/wp-json\/wp\/v2\/product_cat?post=2369"},{"taxonomy":"product_tag","embeddable":true,"href":"https:\/\/casadolivreiro.pt\/index.php\/wp-json\/wp\/v2\/product_tag?post=2369"}],"curies":[{"name":"wp","href":"https:\/\/api.w.org\/{rel}","templated":true}]}}