{"id":2365,"date":"2024-04-13T14:04:55","date_gmt":"2024-04-13T14:04:55","guid":{"rendered":"https:\/\/casadolivreiro.pt\/?post_type=product&#038;p=2365"},"modified":"2024-04-13T14:04:55","modified_gmt":"2024-04-13T14:04:55","slug":"crime-impune-georges-simenon","status":"publish","type":"product","link":"https:\/\/casadolivreiro.pt\/index.php\/product\/crime-impune-georges-simenon\/","title":{"rendered":"CRIME IMPUNE &#8211; Georges Simenon"},"content":{"rendered":"<p>CRIME IMPUNE<br \/>\nGeorges Simenon<br \/>\nTradu\u00e7\u00e3o de Miguel Serras Pereira<br \/>\nAno de edi\u00e7\u00e3o: 1988<br \/>\nEditor: Publica\u00e7\u00f5es Dom Quixote, Lisboa<br \/>\nIdioma: Portugu\u00eas<br \/>\nDimens\u00f5es: 13\u00a0 x 1.4 x 20 cm<br \/>\nEncaderna\u00e7\u00e3o: Capa mole<br \/>\nP\u00e1ginas: 221<\/p>\n","protected":false},"excerpt":{"rendered":"<p>CRIME IMPUNE Georges Simenon Tradu\u00e7\u00e3o de Miguel Serras Pereira Ano de edi\u00e7\u00e3o: 1988 Editor: Publica\u00e7\u00f5es Dom Quixote, Lisboa Idioma: Portugu\u00eas Dimens\u00f5es: 13\u00a0 x 1.4 x 20 cm Encaderna\u00e7\u00e3o: Capa mole P\u00e1ginas: 221<\/p>\n","protected":false},"featured_media":2366,"comment_status":"open","ping_status":"closed","template":"","meta":{"om_disable_all_campaigns":false,"_monsterinsights_skip_tracking":false,"_monsterinsights_sitenote_active":false,"_monsterinsights_sitenote_note":"","_monsterinsights_sitenote_category":0,"_uf_show_specific_survey":0,"_uf_disable_surveys":false},"product_cat":[44],"product_tag":[],"aioseo_notices":[],"jetpack_sharing_enabled":true,"_links":{"self":[{"href":"https:\/\/casadolivreiro.pt\/index.php\/wp-json\/wp\/v2\/product\/2365"}],"collection":[{"href":"https:\/\/casadolivreiro.pt\/index.php\/wp-json\/wp\/v2\/product"}],"about":[{"href":"https:\/\/casadolivreiro.pt\/index.php\/wp-json\/wp\/v2\/types\/product"}],"replies":[{"embeddable":true,"href":"https:\/\/casadolivreiro.pt\/index.php\/wp-json\/wp\/v2\/comments?post=2365"}],"wp:featuredmedia":[{"embeddable":true,"href":"https:\/\/casadolivreiro.pt\/index.php\/wp-json\/wp\/v2\/media\/2366"}],"wp:attachment":[{"href":"https:\/\/casadolivreiro.pt\/index.php\/wp-json\/wp\/v2\/media?parent=2365"}],"wp:term":[{"taxonomy":"product_cat","embeddable":true,"href":"https:\/\/casadolivreiro.pt\/index.php\/wp-json\/wp\/v2\/product_cat?post=2365"},{"taxonomy":"product_tag","embeddable":true,"href":"https:\/\/casadolivreiro.pt\/index.php\/wp-json\/wp\/v2\/product_tag?post=2365"}],"curies":[{"name":"wp","href":"https:\/\/api.w.org\/{rel}","templated":true}]}}