{"id":2363,"date":"2024-04-13T13:34:04","date_gmt":"2024-04-13T13:34:04","guid":{"rendered":"https:\/\/casadolivreiro.pt\/?post_type=product&#038;p=2363"},"modified":"2024-04-13T13:34:21","modified_gmt":"2024-04-13T13:34:21","slug":"licenca-para-matar-john-gardner","status":"publish","type":"product","link":"https:\/\/casadolivreiro.pt\/index.php\/product\/licenca-para-matar-john-gardner\/","title":{"rendered":"LICEN\u00c7A PARA MATAR &#8211; John Gardner"},"content":{"rendered":"<p>LICEN\u00c7A PARA MATAR<br \/>\nJohn Gardner<br \/>\nTradu\u00e7\u00e3o de Eduardo Sal\u00f3<br \/>\nColec\u00e7\u00e3o Vida e Aventura<br \/>\nAno de edi\u00e7\u00e3o: 1989<br \/>\nEditor: Edi\u00e7\u00e3o Livros do Brasil, Lisboa<br \/>\nIdioma: Portugu\u00eas<br \/>\nDimens\u00f5es: 14\u00a0 x 1.7 x 21 cm<br \/>\nEncaderna\u00e7\u00e3o: Capa mole<br \/>\nP\u00e1ginas: 271<\/p>\n","protected":false},"excerpt":{"rendered":"<p>LICEN\u00c7A PARA MATAR John Gardner Tradu\u00e7\u00e3o de Eduardo Sal\u00f3 Colec\u00e7\u00e3o Vida e Aventura Ano de edi\u00e7\u00e3o: 1989 Editor: Edi\u00e7\u00e3o Livros do Brasil, Lisboa Idioma: Portugu\u00eas Dimens\u00f5es: 14\u00a0 x 1.7 x 21 cm Encaderna\u00e7\u00e3o: Capa mole P\u00e1ginas: 271<\/p>\n","protected":false},"featured_media":2364,"comment_status":"open","ping_status":"closed","template":"","meta":{"om_disable_all_campaigns":false,"_monsterinsights_skip_tracking":false,"_monsterinsights_sitenote_active":false,"_monsterinsights_sitenote_note":"","_monsterinsights_sitenote_category":0,"_uf_show_specific_survey":0,"_uf_disable_surveys":false},"product_cat":[44],"product_tag":[],"aioseo_notices":[],"jetpack_sharing_enabled":true,"_links":{"self":[{"href":"https:\/\/casadolivreiro.pt\/index.php\/wp-json\/wp\/v2\/product\/2363"}],"collection":[{"href":"https:\/\/casadolivreiro.pt\/index.php\/wp-json\/wp\/v2\/product"}],"about":[{"href":"https:\/\/casadolivreiro.pt\/index.php\/wp-json\/wp\/v2\/types\/product"}],"replies":[{"embeddable":true,"href":"https:\/\/casadolivreiro.pt\/index.php\/wp-json\/wp\/v2\/comments?post=2363"}],"wp:featuredmedia":[{"embeddable":true,"href":"https:\/\/casadolivreiro.pt\/index.php\/wp-json\/wp\/v2\/media\/2364"}],"wp:attachment":[{"href":"https:\/\/casadolivreiro.pt\/index.php\/wp-json\/wp\/v2\/media?parent=2363"}],"wp:term":[{"taxonomy":"product_cat","embeddable":true,"href":"https:\/\/casadolivreiro.pt\/index.php\/wp-json\/wp\/v2\/product_cat?post=2363"},{"taxonomy":"product_tag","embeddable":true,"href":"https:\/\/casadolivreiro.pt\/index.php\/wp-json\/wp\/v2\/product_tag?post=2363"}],"curies":[{"name":"wp","href":"https:\/\/api.w.org\/{rel}","templated":true}]}}