{"id":2360,"date":"2024-04-13T13:30:45","date_gmt":"2024-04-13T13:30:45","guid":{"rendered":"https:\/\/casadolivreiro.pt\/?post_type=product&#038;p=2360"},"modified":"2024-04-13T13:30:45","modified_gmt":"2024-04-13T13:30:45","slug":"viver-e-saber-viver-alfred-hitchcock","status":"publish","type":"product","link":"https:\/\/casadolivreiro.pt\/index.php\/product\/viver-e-saber-viver-alfred-hitchcock\/","title":{"rendered":"VIVER E SABER VIVER &#8211; Alfred Hitchcock"},"content":{"rendered":"<p>VIVER E SABER VIVER<br \/>\nAlfred Hitchcock<br \/>\nTradu\u00e7\u00e3o e adapta\u00e7\u00e3o: F\u00e1tima Sobral<br \/>\nISBN: 972-766-338-9<br \/>\nAno de edi\u00e7\u00e3o: 1999<br \/>\nEditor: Impala Editores S.A. Sintra<br \/>\nIdioma: Portugu\u00eas<br \/>\nDimens\u00f5es: 12\u00a0 x 1.6 x 19 cm<br \/>\nEncaderna\u00e7\u00e3o: Capa mole<br \/>\nP\u00e1ginas: 220<\/p>\n","protected":false},"excerpt":{"rendered":"<p>VIVER E SABER VIVER Alfred Hitchcock Tradu\u00e7\u00e3o e adapta\u00e7\u00e3o: F\u00e1tima Sobral ISBN: 972-766-338-9 Ano de edi\u00e7\u00e3o: 1999 Editor: Impala Editores S.A. Sintra Idioma: Portugu\u00eas Dimens\u00f5es: 12\u00a0 x 1.6 x 19 cm Encaderna\u00e7\u00e3o: Capa mole P\u00e1ginas: 220<\/p>\n","protected":false},"featured_media":2362,"comment_status":"open","ping_status":"closed","template":"","meta":{"om_disable_all_campaigns":false,"_monsterinsights_skip_tracking":false,"_monsterinsights_sitenote_active":false,"_monsterinsights_sitenote_note":"","_monsterinsights_sitenote_category":0,"_uf_show_specific_survey":0,"_uf_disable_surveys":false},"product_cat":[44],"product_tag":[],"aioseo_notices":[],"jetpack_sharing_enabled":true,"_links":{"self":[{"href":"https:\/\/casadolivreiro.pt\/index.php\/wp-json\/wp\/v2\/product\/2360"}],"collection":[{"href":"https:\/\/casadolivreiro.pt\/index.php\/wp-json\/wp\/v2\/product"}],"about":[{"href":"https:\/\/casadolivreiro.pt\/index.php\/wp-json\/wp\/v2\/types\/product"}],"replies":[{"embeddable":true,"href":"https:\/\/casadolivreiro.pt\/index.php\/wp-json\/wp\/v2\/comments?post=2360"}],"wp:featuredmedia":[{"embeddable":true,"href":"https:\/\/casadolivreiro.pt\/index.php\/wp-json\/wp\/v2\/media\/2362"}],"wp:attachment":[{"href":"https:\/\/casadolivreiro.pt\/index.php\/wp-json\/wp\/v2\/media?parent=2360"}],"wp:term":[{"taxonomy":"product_cat","embeddable":true,"href":"https:\/\/casadolivreiro.pt\/index.php\/wp-json\/wp\/v2\/product_cat?post=2360"},{"taxonomy":"product_tag","embeddable":true,"href":"https:\/\/casadolivreiro.pt\/index.php\/wp-json\/wp\/v2\/product_tag?post=2360"}],"curies":[{"name":"wp","href":"https:\/\/api.w.org\/{rel}","templated":true}]}}