{"id":2356,"date":"2024-04-13T12:48:15","date_gmt":"2024-04-13T12:48:15","guid":{"rendered":"https:\/\/casadolivreiro.pt\/?post_type=product&#038;p=2356"},"modified":"2024-04-13T12:48:15","modified_gmt":"2024-04-13T12:48:15","slug":"die-kirche-christi-peter-lippert-s-j","status":"publish","type":"product","link":"https:\/\/casadolivreiro.pt\/index.php\/product\/die-kirche-christi-peter-lippert-s-j\/","title":{"rendered":"DIE KIRCHE CHRISTI &#8211; Peter Lippert S.J."},"content":{"rendered":"<p>DIE KIRCHE CHRISTI<br \/>\nPeter Lippert S.J.<br \/>\nAno de edi\u00e7\u00e3o: 1935<br \/>\nEditor: Herder &amp; Co. GmbH, Freiburg<br \/>\nIdioma: Alem\u00e3o<br \/>\nDimens\u00f5es: 12\u00a0 x 2.5 x 18.5 cm<br \/>\nEncaderna\u00e7\u00e3o: Capa dura<br \/>\nP\u00e1ginas: 293<\/p>\n","protected":false},"excerpt":{"rendered":"<p>DIE KIRCHE CHRISTI Peter Lippert S.J. Ano de edi\u00e7\u00e3o: 1935 Editor: Herder &amp; Co. GmbH, Freiburg Idioma: Alem\u00e3o Dimens\u00f5es: 12\u00a0 x 2.5 x 18.5 cm Encaderna\u00e7\u00e3o: Capa dura P\u00e1ginas: 293<\/p>\n","protected":false},"featured_media":2357,"comment_status":"open","ping_status":"closed","template":"","meta":{"om_disable_all_campaigns":false,"_monsterinsights_skip_tracking":false,"_monsterinsights_sitenote_active":false,"_monsterinsights_sitenote_note":"","_monsterinsights_sitenote_category":0,"_uf_show_specific_survey":0,"_uf_disable_surveys":false},"product_cat":[33,58],"product_tag":[],"aioseo_notices":[],"jetpack_sharing_enabled":true,"_links":{"self":[{"href":"https:\/\/casadolivreiro.pt\/index.php\/wp-json\/wp\/v2\/product\/2356"}],"collection":[{"href":"https:\/\/casadolivreiro.pt\/index.php\/wp-json\/wp\/v2\/product"}],"about":[{"href":"https:\/\/casadolivreiro.pt\/index.php\/wp-json\/wp\/v2\/types\/product"}],"replies":[{"embeddable":true,"href":"https:\/\/casadolivreiro.pt\/index.php\/wp-json\/wp\/v2\/comments?post=2356"}],"wp:featuredmedia":[{"embeddable":true,"href":"https:\/\/casadolivreiro.pt\/index.php\/wp-json\/wp\/v2\/media\/2357"}],"wp:attachment":[{"href":"https:\/\/casadolivreiro.pt\/index.php\/wp-json\/wp\/v2\/media?parent=2356"}],"wp:term":[{"taxonomy":"product_cat","embeddable":true,"href":"https:\/\/casadolivreiro.pt\/index.php\/wp-json\/wp\/v2\/product_cat?post=2356"},{"taxonomy":"product_tag","embeddable":true,"href":"https:\/\/casadolivreiro.pt\/index.php\/wp-json\/wp\/v2\/product_tag?post=2356"}],"curies":[{"name":"wp","href":"https:\/\/api.w.org\/{rel}","templated":true}]}}