{"id":2353,"date":"2024-04-13T00:57:33","date_gmt":"2024-04-13T00:57:33","guid":{"rendered":"https:\/\/casadolivreiro.pt\/?post_type=product&#038;p=2353"},"modified":"2024-04-16T14:33:42","modified_gmt":"2024-04-16T14:33:42","slug":"je-continuerai-mon-chemin-rudolf-bahro","status":"publish","type":"product","link":"https:\/\/casadolivreiro.pt\/index.php\/product\/je-continuerai-mon-chemin-rudolf-bahro\/","title":{"rendered":"JE CONTINUERAI MON CHEMIN &#8211; Rudolf Bahro"},"content":{"rendered":"<p>JE CONTINUERAI MON CHEMIN<br \/>\nRudolf Bahro<br \/>\nTraduit de l\u00e1llemand par G\u00e9rard Bensussan, Danielle Bidoit, Sabine Cornille, Pierre Maudit et Sylvie Trosa<br \/>\nAno de edi\u00e7\u00e3o: 1979<br \/>\nEditor: Fran\u00e7ois Maspero, Paris<br \/>\nIdioma: Franc\u00eas<br \/>\nDimens\u00f5es: 11.5\u00a0 x 0.9 x 20 cm<br \/>\nEncaderna\u00e7\u00e3o: Capa mole<br \/>\nP\u00e1ginas: 141<\/p>\n","protected":false},"excerpt":{"rendered":"<p>JE CONTINUERAI MON CHEMIN Rudolf Bahro Traduit de l\u00e1llemand par G\u00e9rard Bensussan, Danielle Bidoit, Sabine Cornille, Pierre Maudit et Sylvie Trosa Ano de edi\u00e7\u00e3o: 1979 Editor: Fran\u00e7ois Maspero, Paris Idioma: Franc\u00eas Dimens\u00f5es: 11.5\u00a0 x 0.9 x 20 cm Encaderna\u00e7\u00e3o: Capa mole P\u00e1ginas: 141<\/p>\n","protected":false},"featured_media":2354,"comment_status":"open","ping_status":"closed","template":"","meta":{"om_disable_all_campaigns":false,"_monsterinsights_skip_tracking":false,"_monsterinsights_sitenote_active":false,"_monsterinsights_sitenote_note":"","_monsterinsights_sitenote_category":0,"_uf_show_specific_survey":0,"_uf_disable_surveys":false},"product_cat":[29],"product_tag":[],"aioseo_notices":[],"jetpack_sharing_enabled":true,"_links":{"self":[{"href":"https:\/\/casadolivreiro.pt\/index.php\/wp-json\/wp\/v2\/product\/2353"}],"collection":[{"href":"https:\/\/casadolivreiro.pt\/index.php\/wp-json\/wp\/v2\/product"}],"about":[{"href":"https:\/\/casadolivreiro.pt\/index.php\/wp-json\/wp\/v2\/types\/product"}],"replies":[{"embeddable":true,"href":"https:\/\/casadolivreiro.pt\/index.php\/wp-json\/wp\/v2\/comments?post=2353"}],"wp:featuredmedia":[{"embeddable":true,"href":"https:\/\/casadolivreiro.pt\/index.php\/wp-json\/wp\/v2\/media\/2354"}],"wp:attachment":[{"href":"https:\/\/casadolivreiro.pt\/index.php\/wp-json\/wp\/v2\/media?parent=2353"}],"wp:term":[{"taxonomy":"product_cat","embeddable":true,"href":"https:\/\/casadolivreiro.pt\/index.php\/wp-json\/wp\/v2\/product_cat?post=2353"},{"taxonomy":"product_tag","embeddable":true,"href":"https:\/\/casadolivreiro.pt\/index.php\/wp-json\/wp\/v2\/product_tag?post=2353"}],"curies":[{"name":"wp","href":"https:\/\/api.w.org\/{rel}","templated":true}]}}