{"id":235,"date":"2024-03-06T18:14:32","date_gmt":"2024-03-06T18:14:32","guid":{"rendered":"https:\/\/casadolivreiro.pt\/?post_type=product&#038;p=235"},"modified":"2024-03-06T18:14:32","modified_gmt":"2024-03-06T18:14:32","slug":"lhomme-bonsai-fred-bernard","status":"publish","type":"product","link":"https:\/\/casadolivreiro.pt\/index.php\/product\/lhomme-bonsai-fred-bernard\/","title":{"rendered":"L\u2019HOMME BONSAI &#8211; Fred Bernard"},"content":{"rendered":"<p>L\u2019HOMME BONSAI &#8211; Fred Bernard<br \/>\nISBN:\u00a0\u00a09782756017747<br \/>\nEditor: Delcourt, (Collection Mirages)<br \/>\nData de Lan\u00e7amento: 2009<br \/>\nIdioma:\u00a0 Franc\u00eas<br \/>\nDimens\u00f5es:\u00a0 \u00a0 19.8 x 1.6 x\u00a0 26.3cm<br \/>\nEncaderna\u00e7\u00e3o: Capa mole<br \/>\nP\u00e1ginas: 128<\/p>\n<p>Durant une temp\u00eate, le capitaine O&#8217;Murphy et deux marins abordent un navire en perdition dans lequel est plant\u00e9 un arbre colossal. Incr\u00e9dules, ils l&#8217;entendent lui demander d&#8217;\u00e9couter le r\u00e9cit de son destin tragique. Il s&#8217;appelle Am\u00e9d\u00e9e. Il fut enr\u00f4l\u00e9 de force sur un navire pirate, puis abandonn\u00e9 sur une \u00eele. L\u00e0, il sentit une graine lui tomber sur la t\u00eate, et, tr\u00e8s lentement, se transforma en arbre&#8230;<\/p>\n","protected":false},"excerpt":{"rendered":"<p>L\u2019HOMME BONSAI &#8211; Fred Bernard ISBN:\u00a0\u00a09782756017747 Editor: Delcourt, (Collection Mirages) Data de Lan\u00e7amento: 2009 Idioma:\u00a0 Franc\u00eas Dimens\u00f5es:\u00a0 \u00a0 19.8 x 1.6 x\u00a0 26.3cm Encaderna\u00e7\u00e3o: Capa mole P\u00e1ginas: 128 Durant une temp\u00eate, le capitaine O&#8217;Murphy et deux marins abordent un navire en perdition dans lequel est plant\u00e9 un arbre colossal. Incr\u00e9dules, ils l&#8217;entendent lui demander d&#8217;\u00e9couter [&hellip;]<\/p>\n","protected":false},"featured_media":236,"comment_status":"open","ping_status":"closed","template":"","meta":{"om_disable_all_campaigns":false,"_monsterinsights_skip_tracking":false,"_monsterinsights_sitenote_active":false,"_monsterinsights_sitenote_note":"","_monsterinsights_sitenote_category":0,"_uf_show_specific_survey":0,"_uf_disable_surveys":false},"product_cat":[35,56,62],"product_tag":[],"aioseo_notices":[],"jetpack_sharing_enabled":true,"_links":{"self":[{"href":"https:\/\/casadolivreiro.pt\/index.php\/wp-json\/wp\/v2\/product\/235"}],"collection":[{"href":"https:\/\/casadolivreiro.pt\/index.php\/wp-json\/wp\/v2\/product"}],"about":[{"href":"https:\/\/casadolivreiro.pt\/index.php\/wp-json\/wp\/v2\/types\/product"}],"replies":[{"embeddable":true,"href":"https:\/\/casadolivreiro.pt\/index.php\/wp-json\/wp\/v2\/comments?post=235"}],"wp:featuredmedia":[{"embeddable":true,"href":"https:\/\/casadolivreiro.pt\/index.php\/wp-json\/wp\/v2\/media\/236"}],"wp:attachment":[{"href":"https:\/\/casadolivreiro.pt\/index.php\/wp-json\/wp\/v2\/media?parent=235"}],"wp:term":[{"taxonomy":"product_cat","embeddable":true,"href":"https:\/\/casadolivreiro.pt\/index.php\/wp-json\/wp\/v2\/product_cat?post=235"},{"taxonomy":"product_tag","embeddable":true,"href":"https:\/\/casadolivreiro.pt\/index.php\/wp-json\/wp\/v2\/product_tag?post=235"}],"curies":[{"name":"wp","href":"https:\/\/api.w.org\/{rel}","templated":true}]}}