{"id":2340,"date":"2024-04-13T00:30:40","date_gmt":"2024-04-13T00:30:40","guid":{"rendered":"https:\/\/casadolivreiro.pt\/?post_type=product&#038;p=2340"},"modified":"2024-04-13T00:30:40","modified_gmt":"2024-04-13T00:30:40","slug":"portugal-e-o-futuro-analise-da-conjuntura-nacional-antonio-de-spinola","status":"publish","type":"product","link":"https:\/\/casadolivreiro.pt\/index.php\/product\/portugal-e-o-futuro-analise-da-conjuntura-nacional-antonio-de-spinola\/","title":{"rendered":"PORTUGAL E O FUTURO: An\u00e1lise da Conjuntura Nacional &#8211; Ant\u00f3nio de Sp\u00ednola"},"content":{"rendered":"<p>PORTUGAL E O FUTURO: An\u00e1lise da Conjuntura Nacional<br \/>\nAnt\u00f3nio de Sp\u00ednola<br \/>\nAno de edi\u00e7\u00e3o: 1974 (1.\u00aa Edi\u00e7\u00e3o)<br \/>\nEditor: Editora Arcadia S.A.R.L.<br \/>\nIdioma: Portugu\u00eas<br \/>\nDimens\u00f5es: 16\u00a0 x 1.9 x 23 cm<br \/>\nEncaderna\u00e7\u00e3o: Capa mole<br \/>\nP\u00e1ginas: 244<\/p>\n<p>Colect\u00e2nea de escritos, apresentando uma extensa medita\u00e7\u00e3o sobre as coordenadas da conjuntura nacional \u00e0 \u00e9poca, incidindo sobre os condicionalismos pol\u00edticos, ideol\u00f3gicos e geogr\u00e1ficos que amea\u00e7avam a presen\u00e7a portuguesa em \u00c1frica.<\/p>\n","protected":false},"excerpt":{"rendered":"<p>PORTUGAL E O FUTURO: An\u00e1lise da Conjuntura Nacional Ant\u00f3nio de Sp\u00ednola Ano de edi\u00e7\u00e3o: 1974 (1.\u00aa Edi\u00e7\u00e3o) Editor: Editora Arcadia S.A.R.L. Idioma: Portugu\u00eas Dimens\u00f5es: 16\u00a0 x 1.9 x 23 cm Encaderna\u00e7\u00e3o: Capa mole P\u00e1ginas: 244 Colect\u00e2nea de escritos, apresentando uma extensa medita\u00e7\u00e3o sobre as coordenadas da conjuntura nacional \u00e0 \u00e9poca, incidindo sobre os condicionalismos pol\u00edticos, [&hellip;]<\/p>\n","protected":false},"featured_media":2341,"comment_status":"open","ping_status":"closed","template":"","meta":{"om_disable_all_campaigns":false,"_monsterinsights_skip_tracking":false,"_monsterinsights_sitenote_active":false,"_monsterinsights_sitenote_note":"","_monsterinsights_sitenote_category":0,"_uf_show_specific_survey":0,"_uf_disable_surveys":false},"product_cat":[31,41,30,51,61],"product_tag":[],"aioseo_notices":[],"jetpack_sharing_enabled":true,"_links":{"self":[{"href":"https:\/\/casadolivreiro.pt\/index.php\/wp-json\/wp\/v2\/product\/2340"}],"collection":[{"href":"https:\/\/casadolivreiro.pt\/index.php\/wp-json\/wp\/v2\/product"}],"about":[{"href":"https:\/\/casadolivreiro.pt\/index.php\/wp-json\/wp\/v2\/types\/product"}],"replies":[{"embeddable":true,"href":"https:\/\/casadolivreiro.pt\/index.php\/wp-json\/wp\/v2\/comments?post=2340"}],"wp:featuredmedia":[{"embeddable":true,"href":"https:\/\/casadolivreiro.pt\/index.php\/wp-json\/wp\/v2\/media\/2341"}],"wp:attachment":[{"href":"https:\/\/casadolivreiro.pt\/index.php\/wp-json\/wp\/v2\/media?parent=2340"}],"wp:term":[{"taxonomy":"product_cat","embeddable":true,"href":"https:\/\/casadolivreiro.pt\/index.php\/wp-json\/wp\/v2\/product_cat?post=2340"},{"taxonomy":"product_tag","embeddable":true,"href":"https:\/\/casadolivreiro.pt\/index.php\/wp-json\/wp\/v2\/product_tag?post=2340"}],"curies":[{"name":"wp","href":"https:\/\/api.w.org\/{rel}","templated":true}]}}