{"id":2338,"date":"2024-04-13T00:26:42","date_gmt":"2024-04-13T00:26:42","guid":{"rendered":"https:\/\/casadolivreiro.pt\/?post_type=product&#038;p=2338"},"modified":"2024-04-13T00:26:42","modified_gmt":"2024-04-13T00:26:42","slug":"a-cancao-do-odio-rosamond-lehmann","status":"publish","type":"product","link":"https:\/\/casadolivreiro.pt\/index.php\/product\/a-cancao-do-odio-rosamond-lehmann\/","title":{"rendered":"A CAN\u00c7\u00c3O DO ODIO &#8211; Rosamond Lehmann"},"content":{"rendered":"<p>A CAN\u00c7\u00c3O DO ODIO<br \/>\nRosamond Lehmann<br \/>\nTradu\u00e7\u00e3o de Aydano Arruda e Enio M. Guazzelli<br \/>\nColec\u00e7\u00e3o: Seculo XX<br \/>\nAno de edi\u00e7\u00e3o:<br \/>\nEditor: Editora Cupolo, S\u00e3o Paulo<br \/>\nIdioma: Portugu\u00eas<br \/>\nDimens\u00f5es: 14.8\u00a0 x 2 x 20.8 cm<br \/>\nEncaderna\u00e7\u00e3o: Capa mole<br \/>\nP\u00e1ginas: 275<\/p>\n","protected":false},"excerpt":{"rendered":"<p>A CAN\u00c7\u00c3O DO ODIO Rosamond Lehmann Tradu\u00e7\u00e3o de Aydano Arruda e Enio M. Guazzelli Colec\u00e7\u00e3o: Seculo XX Ano de edi\u00e7\u00e3o: Editor: Editora Cupolo, S\u00e3o Paulo Idioma: Portugu\u00eas Dimens\u00f5es: 14.8\u00a0 x 2 x 20.8 cm Encaderna\u00e7\u00e3o: Capa mole P\u00e1ginas: 275<\/p>\n","protected":false},"featured_media":2339,"comment_status":"open","ping_status":"closed","template":"","meta":{"om_disable_all_campaigns":false,"_monsterinsights_skip_tracking":false,"_monsterinsights_sitenote_active":false,"_monsterinsights_sitenote_note":"","_monsterinsights_sitenote_category":0,"_uf_show_specific_survey":0,"_uf_disable_surveys":false},"product_cat":[26,37],"product_tag":[],"aioseo_notices":[],"jetpack_sharing_enabled":true,"_links":{"self":[{"href":"https:\/\/casadolivreiro.pt\/index.php\/wp-json\/wp\/v2\/product\/2338"}],"collection":[{"href":"https:\/\/casadolivreiro.pt\/index.php\/wp-json\/wp\/v2\/product"}],"about":[{"href":"https:\/\/casadolivreiro.pt\/index.php\/wp-json\/wp\/v2\/types\/product"}],"replies":[{"embeddable":true,"href":"https:\/\/casadolivreiro.pt\/index.php\/wp-json\/wp\/v2\/comments?post=2338"}],"wp:featuredmedia":[{"embeddable":true,"href":"https:\/\/casadolivreiro.pt\/index.php\/wp-json\/wp\/v2\/media\/2339"}],"wp:attachment":[{"href":"https:\/\/casadolivreiro.pt\/index.php\/wp-json\/wp\/v2\/media?parent=2338"}],"wp:term":[{"taxonomy":"product_cat","embeddable":true,"href":"https:\/\/casadolivreiro.pt\/index.php\/wp-json\/wp\/v2\/product_cat?post=2338"},{"taxonomy":"product_tag","embeddable":true,"href":"https:\/\/casadolivreiro.pt\/index.php\/wp-json\/wp\/v2\/product_tag?post=2338"}],"curies":[{"name":"wp","href":"https:\/\/api.w.org\/{rel}","templated":true}]}}