{"id":2328,"date":"2024-04-12T23:59:08","date_gmt":"2024-04-12T23:59:08","guid":{"rendered":"https:\/\/casadolivreiro.pt\/?post_type=product&#038;p=2328"},"modified":"2024-04-12T23:59:08","modified_gmt":"2024-04-12T23:59:08","slug":"o-mundo-e-pequeno-somerset-maugham","status":"publish","type":"product","link":"https:\/\/casadolivreiro.pt\/index.php\/product\/o-mundo-e-pequeno-somerset-maugham\/","title":{"rendered":"O MUNDO \u00c9 PEQUENO &#8211; Somerset Maugham"},"content":{"rendered":"<p>O MUNDO \u00c9 PEQUENO<br \/>\nSomerset Maugham<br \/>\nTradu\u00e7\u00e3o de Maria Tereza Amado Neves<br \/>\nAno de edi\u00e7\u00e3o:<br \/>\nEditor: Editorial Minerva, Lisboa<br \/>\nIdioma: Portugu\u00eas<br \/>\nDimens\u00f5es: 12.5\u00a0 x 1.8 x 18.5 cm<br \/>\nEncaderna\u00e7\u00e3o: Capa mole<br \/>\nP\u00e1ginas: 272<\/p>\n","protected":false},"excerpt":{"rendered":"<p>O MUNDO \u00c9 PEQUENO Somerset Maugham Tradu\u00e7\u00e3o de Maria Tereza Amado Neves Ano de edi\u00e7\u00e3o: Editor: Editorial Minerva, Lisboa Idioma: Portugu\u00eas Dimens\u00f5es: 12.5\u00a0 x 1.8 x 18.5 cm Encaderna\u00e7\u00e3o: Capa mole P\u00e1ginas: 272<\/p>\n","protected":false},"featured_media":2329,"comment_status":"open","ping_status":"closed","template":"","meta":{"om_disable_all_campaigns":false,"_monsterinsights_skip_tracking":false,"_monsterinsights_sitenote_active":false,"_monsterinsights_sitenote_note":"","_monsterinsights_sitenote_category":0,"_uf_show_specific_survey":0,"_uf_disable_surveys":false},"product_cat":[26],"product_tag":[],"aioseo_notices":[],"jetpack_sharing_enabled":true,"_links":{"self":[{"href":"https:\/\/casadolivreiro.pt\/index.php\/wp-json\/wp\/v2\/product\/2328"}],"collection":[{"href":"https:\/\/casadolivreiro.pt\/index.php\/wp-json\/wp\/v2\/product"}],"about":[{"href":"https:\/\/casadolivreiro.pt\/index.php\/wp-json\/wp\/v2\/types\/product"}],"replies":[{"embeddable":true,"href":"https:\/\/casadolivreiro.pt\/index.php\/wp-json\/wp\/v2\/comments?post=2328"}],"wp:featuredmedia":[{"embeddable":true,"href":"https:\/\/casadolivreiro.pt\/index.php\/wp-json\/wp\/v2\/media\/2329"}],"wp:attachment":[{"href":"https:\/\/casadolivreiro.pt\/index.php\/wp-json\/wp\/v2\/media?parent=2328"}],"wp:term":[{"taxonomy":"product_cat","embeddable":true,"href":"https:\/\/casadolivreiro.pt\/index.php\/wp-json\/wp\/v2\/product_cat?post=2328"},{"taxonomy":"product_tag","embeddable":true,"href":"https:\/\/casadolivreiro.pt\/index.php\/wp-json\/wp\/v2\/product_tag?post=2328"}],"curies":[{"name":"wp","href":"https:\/\/api.w.org\/{rel}","templated":true}]}}