{"id":2324,"date":"2024-04-12T23:51:16","date_gmt":"2024-04-12T23:51:16","guid":{"rendered":"https:\/\/casadolivreiro.pt\/?post_type=product&#038;p=2324"},"modified":"2024-04-12T23:51:16","modified_gmt":"2024-04-12T23:51:16","slug":"chaque-homme-dans-sa-nuit-julien-green","status":"publish","type":"product","link":"https:\/\/casadolivreiro.pt\/index.php\/product\/chaque-homme-dans-sa-nuit-julien-green\/","title":{"rendered":"CHAQUE HOMME DANS SA NUIT &#8211; Julien Green"},"content":{"rendered":"<p>CHAQUE HOMME DANS SA NUIT<br \/>\nJulien Green<br \/>\nAno de edi\u00e7\u00e3o: 1960<br \/>\nEditor: Librairie Plon, Paris<br \/>\nIdioma: Franc\u00eas<br \/>\nDimens\u00f5es: 12\u00a0 x 2.4 x 19 cm<br \/>\nEncaderna\u00e7\u00e3o: Capa mole<br \/>\nP\u00e1ginas: 404<\/p>\n<p>Wilfred vend des chemises dans un grand magasin de New York. Mais en marge de cette existence monotone, il m\u00e8ne une vie de b\u00e2ton de chaise. Cependant le jeune homme a la foi, et l\u00e0 est son comment concilier la chair et l&#8217;esprit?Chaque homme dans sa nuit est l&#8217;aventure d&#8217;une \u00e2me qui se cache, se fourvoie et se sauve, une \u00e9ducation sentimentale o\u00f9 le coeur a le dernier mot, parce que l&#8217;amour n&#8217;est pas seulement une affaire de lit. A l&#8217;arri\u00e8re plan, il y a les paysages de l&#8217;Am\u00e9rique et la ville, New York, o\u00f9 l&#8217;auteur a brouill\u00e9 les pas de ses souvenirs dans les itin\u00e9raires du r\u00eave.&#8221; C&#8217;est apr\u00e8s avoir \u00e9crit le mot fin au bas de la derni\u00e8re page que je me suis interrog\u00e9 sur le sens de ce long r\u00e9cit, \u00e9crit Julien Green, car il me fallait trouver le titre, que je n&#8217;avais pas encore d\u00e9couvert. Un vers de Victor Hugo, dans un po\u00e8me relu par hasard, me sembla r\u00e9sumer le &#8221; Chaque homme dans sa nuit s&#8217;en va vers la lumi\u00e8re&#8230; &#8221; &#8220;.<\/p>\n","protected":false},"excerpt":{"rendered":"<p>CHAQUE HOMME DANS SA NUIT Julien Green Ano de edi\u00e7\u00e3o: 1960 Editor: Librairie Plon, Paris Idioma: Franc\u00eas Dimens\u00f5es: 12\u00a0 x 2.4 x 19 cm Encaderna\u00e7\u00e3o: Capa mole P\u00e1ginas: 404 Wilfred vend des chemises dans un grand magasin de New York. Mais en marge de cette existence monotone, il m\u00e8ne une vie de b\u00e2ton de chaise. [&hellip;]<\/p>\n","protected":false},"featured_media":2325,"comment_status":"open","ping_status":"closed","template":"","meta":{"om_disable_all_campaigns":false,"_monsterinsights_skip_tracking":false,"_monsterinsights_sitenote_active":false,"_monsterinsights_sitenote_note":"","_monsterinsights_sitenote_category":0,"_uf_show_specific_survey":0,"_uf_disable_surveys":false},"product_cat":[56],"product_tag":[],"aioseo_notices":[],"jetpack_sharing_enabled":true,"_links":{"self":[{"href":"https:\/\/casadolivreiro.pt\/index.php\/wp-json\/wp\/v2\/product\/2324"}],"collection":[{"href":"https:\/\/casadolivreiro.pt\/index.php\/wp-json\/wp\/v2\/product"}],"about":[{"href":"https:\/\/casadolivreiro.pt\/index.php\/wp-json\/wp\/v2\/types\/product"}],"replies":[{"embeddable":true,"href":"https:\/\/casadolivreiro.pt\/index.php\/wp-json\/wp\/v2\/comments?post=2324"}],"wp:featuredmedia":[{"embeddable":true,"href":"https:\/\/casadolivreiro.pt\/index.php\/wp-json\/wp\/v2\/media\/2325"}],"wp:attachment":[{"href":"https:\/\/casadolivreiro.pt\/index.php\/wp-json\/wp\/v2\/media?parent=2324"}],"wp:term":[{"taxonomy":"product_cat","embeddable":true,"href":"https:\/\/casadolivreiro.pt\/index.php\/wp-json\/wp\/v2\/product_cat?post=2324"},{"taxonomy":"product_tag","embeddable":true,"href":"https:\/\/casadolivreiro.pt\/index.php\/wp-json\/wp\/v2\/product_tag?post=2324"}],"curies":[{"name":"wp","href":"https:\/\/api.w.org\/{rel}","templated":true}]}}