{"id":2322,"date":"2024-04-12T23:47:40","date_gmt":"2024-04-12T23:47:40","guid":{"rendered":"https:\/\/casadolivreiro.pt\/?post_type=product&#038;p=2322"},"modified":"2024-04-12T23:47:40","modified_gmt":"2024-04-12T23:47:40","slug":"bonjour-tristesse-francoise-sagan","status":"publish","type":"product","link":"https:\/\/casadolivreiro.pt\/index.php\/product\/bonjour-tristesse-francoise-sagan\/","title":{"rendered":"BONJOUR TRISTESSE &#8211; Fran\u00e7oise Sagan"},"content":{"rendered":"<p>BONJOUR TRISTESSE<br \/>\nFran\u00e7oise Sagan<br \/>\nAno de edi\u00e7\u00e3o: 1957<br \/>\nEditor: Ren\u00e9 Julliard, Paris<br \/>\nIdioma: Franc\u00eas<br \/>\nDimens\u00f5es: 12\u00a0 x 1.4 x 18.5 cm<br \/>\nEncaderna\u00e7\u00e3o: Capa mole<br \/>\nP\u00e1ginas: 187<\/p>\n","protected":false},"excerpt":{"rendered":"<p>BONJOUR TRISTESSE Fran\u00e7oise Sagan Ano de edi\u00e7\u00e3o: 1957 Editor: Ren\u00e9 Julliard, Paris Idioma: Franc\u00eas Dimens\u00f5es: 12\u00a0 x 1.4 x 18.5 cm Encaderna\u00e7\u00e3o: Capa mole P\u00e1ginas: 187<\/p>\n","protected":false},"featured_media":2323,"comment_status":"open","ping_status":"closed","template":"","meta":{"om_disable_all_campaigns":false,"_monsterinsights_skip_tracking":false,"_monsterinsights_sitenote_active":false,"_monsterinsights_sitenote_note":"","_monsterinsights_sitenote_category":0,"_uf_show_specific_survey":0,"_uf_disable_surveys":false},"product_cat":[56],"product_tag":[],"aioseo_notices":[],"jetpack_sharing_enabled":true,"_links":{"self":[{"href":"https:\/\/casadolivreiro.pt\/index.php\/wp-json\/wp\/v2\/product\/2322"}],"collection":[{"href":"https:\/\/casadolivreiro.pt\/index.php\/wp-json\/wp\/v2\/product"}],"about":[{"href":"https:\/\/casadolivreiro.pt\/index.php\/wp-json\/wp\/v2\/types\/product"}],"replies":[{"embeddable":true,"href":"https:\/\/casadolivreiro.pt\/index.php\/wp-json\/wp\/v2\/comments?post=2322"}],"wp:featuredmedia":[{"embeddable":true,"href":"https:\/\/casadolivreiro.pt\/index.php\/wp-json\/wp\/v2\/media\/2323"}],"wp:attachment":[{"href":"https:\/\/casadolivreiro.pt\/index.php\/wp-json\/wp\/v2\/media?parent=2322"}],"wp:term":[{"taxonomy":"product_cat","embeddable":true,"href":"https:\/\/casadolivreiro.pt\/index.php\/wp-json\/wp\/v2\/product_cat?post=2322"},{"taxonomy":"product_tag","embeddable":true,"href":"https:\/\/casadolivreiro.pt\/index.php\/wp-json\/wp\/v2\/product_tag?post=2322"}],"curies":[{"name":"wp","href":"https:\/\/api.w.org\/{rel}","templated":true}]}}