{"id":2314,"date":"2024-04-12T23:22:28","date_gmt":"2024-04-12T23:22:28","guid":{"rendered":"https:\/\/casadolivreiro.pt\/?post_type=product&#038;p=2314"},"modified":"2024-04-12T23:22:28","modified_gmt":"2024-04-12T23:22:28","slug":"ciencias-da-natureza-j-gomes-ferreira-antonio-g-amaral","status":"publish","type":"product","link":"https:\/\/casadolivreiro.pt\/index.php\/product\/ciencias-da-natureza-j-gomes-ferreira-antonio-g-amaral\/","title":{"rendered":"CI\u00caNCIAS DA NATUREZA &#8211; J. Gomes Ferreira, Antonio G. Amaral"},"content":{"rendered":"<p>CI\u00caNCIAS DA NATUREZA<br \/>\nJ. Gomes Ferreira, Antonio G. Amaral<br \/>\nEnsino Prim\u00e1rio, Edi\u00e7\u00f5es \u201cEscola Renovada\u201d<br \/>\nAno de edi\u00e7\u00e3o: 1958 ( 3.\u00aa edi\u00e7\u00e3o)<br \/>\nEditor: Livraria Rodrigues, Lisboa<br \/>\nIdioma: Portugu\u00eas<br \/>\nDimens\u00f5es: 14.5\u00a0 x 0.5 x 21 cm<br \/>\nEncaderna\u00e7\u00e3o: Capa dura<br \/>\nP\u00e1ginas: 78<\/p>\n","protected":false},"excerpt":{"rendered":"<p>CI\u00caNCIAS DA NATUREZA J. Gomes Ferreira, Antonio G. Amaral Ensino Prim\u00e1rio, Edi\u00e7\u00f5es \u201cEscola Renovada\u201d Ano de edi\u00e7\u00e3o: 1958 ( 3.\u00aa edi\u00e7\u00e3o) Editor: Livraria Rodrigues, Lisboa Idioma: Portugu\u00eas Dimens\u00f5es: 14.5\u00a0 x 0.5 x 21 cm Encaderna\u00e7\u00e3o: Capa dura P\u00e1ginas: 78<\/p>\n","protected":false},"featured_media":2315,"comment_status":"open","ping_status":"closed","template":"","meta":{"om_disable_all_campaigns":false,"_monsterinsights_skip_tracking":false,"_monsterinsights_sitenote_active":false,"_monsterinsights_sitenote_note":"","_monsterinsights_sitenote_category":0,"_uf_show_specific_survey":0,"_uf_disable_surveys":false},"product_cat":[32,47],"product_tag":[],"aioseo_notices":[],"jetpack_sharing_enabled":true,"_links":{"self":[{"href":"https:\/\/casadolivreiro.pt\/index.php\/wp-json\/wp\/v2\/product\/2314"}],"collection":[{"href":"https:\/\/casadolivreiro.pt\/index.php\/wp-json\/wp\/v2\/product"}],"about":[{"href":"https:\/\/casadolivreiro.pt\/index.php\/wp-json\/wp\/v2\/types\/product"}],"replies":[{"embeddable":true,"href":"https:\/\/casadolivreiro.pt\/index.php\/wp-json\/wp\/v2\/comments?post=2314"}],"wp:featuredmedia":[{"embeddable":true,"href":"https:\/\/casadolivreiro.pt\/index.php\/wp-json\/wp\/v2\/media\/2315"}],"wp:attachment":[{"href":"https:\/\/casadolivreiro.pt\/index.php\/wp-json\/wp\/v2\/media?parent=2314"}],"wp:term":[{"taxonomy":"product_cat","embeddable":true,"href":"https:\/\/casadolivreiro.pt\/index.php\/wp-json\/wp\/v2\/product_cat?post=2314"},{"taxonomy":"product_tag","embeddable":true,"href":"https:\/\/casadolivreiro.pt\/index.php\/wp-json\/wp\/v2\/product_tag?post=2314"}],"curies":[{"name":"wp","href":"https:\/\/api.w.org\/{rel}","templated":true}]}}