{"id":2312,"date":"2024-04-12T23:18:13","date_gmt":"2024-04-12T23:18:13","guid":{"rendered":"https:\/\/casadolivreiro.pt\/?post_type=product&#038;p=2312"},"modified":"2024-04-12T23:18:13","modified_gmt":"2024-04-12T23:18:13","slug":"os-grandes-empreendimentos-l-fournier","status":"publish","type":"product","link":"https:\/\/casadolivreiro.pt\/index.php\/product\/os-grandes-empreendimentos-l-fournier\/","title":{"rendered":"OS GRANDES EMPREENDIMENTOS &#8211; L. Fournier"},"content":{"rendered":"<p>OS GRANDES EMPREENDIMENTOS<br \/>\nL. Fournier<br \/>\nTradu\u00e7\u00e3o de A. Costa Marques<br \/>\nBiblioteca Das Maravilhas<br \/>\nAno de edi\u00e7\u00e3o: 1934<br \/>\nEditor: Livraria Lello, Porto<br \/>\nIdioma: Portugu\u00eas<br \/>\nDimens\u00f5es: 12\u00a0 x 1.8 x 18.5 cm<br \/>\nEncaderna\u00e7\u00e3o: Capa dura<br \/>\nP\u00e1ginas: 191<\/p>\n","protected":false},"excerpt":{"rendered":"<p>OS GRANDES EMPREENDIMENTOS L. Fournier Tradu\u00e7\u00e3o de A. Costa Marques Biblioteca Das Maravilhas Ano de edi\u00e7\u00e3o: 1934 Editor: Livraria Lello, Porto Idioma: Portugu\u00eas Dimens\u00f5es: 12\u00a0 x 1.8 x 18.5 cm Encaderna\u00e7\u00e3o: Capa dura P\u00e1ginas: 191<\/p>\n","protected":false},"featured_media":2313,"comment_status":"open","ping_status":"closed","template":"","meta":{"om_disable_all_campaigns":false,"_monsterinsights_skip_tracking":false,"_monsterinsights_sitenote_active":false,"_monsterinsights_sitenote_note":"","_monsterinsights_sitenote_category":0,"_uf_show_specific_survey":0,"_uf_disable_surveys":false},"product_cat":[32,41,47],"product_tag":[],"aioseo_notices":[],"jetpack_sharing_enabled":true,"_links":{"self":[{"href":"https:\/\/casadolivreiro.pt\/index.php\/wp-json\/wp\/v2\/product\/2312"}],"collection":[{"href":"https:\/\/casadolivreiro.pt\/index.php\/wp-json\/wp\/v2\/product"}],"about":[{"href":"https:\/\/casadolivreiro.pt\/index.php\/wp-json\/wp\/v2\/types\/product"}],"replies":[{"embeddable":true,"href":"https:\/\/casadolivreiro.pt\/index.php\/wp-json\/wp\/v2\/comments?post=2312"}],"wp:featuredmedia":[{"embeddable":true,"href":"https:\/\/casadolivreiro.pt\/index.php\/wp-json\/wp\/v2\/media\/2313"}],"wp:attachment":[{"href":"https:\/\/casadolivreiro.pt\/index.php\/wp-json\/wp\/v2\/media?parent=2312"}],"wp:term":[{"taxonomy":"product_cat","embeddable":true,"href":"https:\/\/casadolivreiro.pt\/index.php\/wp-json\/wp\/v2\/product_cat?post=2312"},{"taxonomy":"product_tag","embeddable":true,"href":"https:\/\/casadolivreiro.pt\/index.php\/wp-json\/wp\/v2\/product_tag?post=2312"}],"curies":[{"name":"wp","href":"https:\/\/api.w.org\/{rel}","templated":true}]}}