{"id":2310,"date":"2024-04-12T23:14:23","date_gmt":"2024-04-12T23:14:23","guid":{"rendered":"https:\/\/casadolivreiro.pt\/?post_type=product&#038;p=2310"},"modified":"2024-04-12T23:14:24","modified_gmt":"2024-04-12T23:14:24","slug":"jaime-balmes-antologia-jose-corts-grau-breviarios-del-pensamento-espanol","status":"publish","type":"product","link":"https:\/\/casadolivreiro.pt\/index.php\/product\/jaime-balmes-antologia-jose-corts-grau-breviarios-del-pensamento-espanol\/","title":{"rendered":"JAIME BALMES ANTOLOGIA &#8211; Jose Corts Grau &#8211; Breviarios del pensamento espa\u00f1ol"},"content":{"rendered":"<p>JAIME BALMES ANTOLOGIA<br \/>\nJose Corts Grau<br \/>\nBreviarios del pensamento espa\u00f1ol<br \/>\nAno de edi\u00e7\u00e3o: 1944<br \/>\nEditor: Ediciones Fe, Editora Nacional, Madrid<br \/>\nIdioma: Espanhol<br \/>\nDimens\u00f5es: 12\u00a0 x 1.5 x 17 cm<br \/>\nEncaderna\u00e7\u00e3o: Capa mole<br \/>\nP\u00e1ginas: 236<\/p>\n","protected":false},"excerpt":{"rendered":"<p>JAIME BALMES ANTOLOGIA Jose Corts Grau Breviarios del pensamento espa\u00f1ol Ano de edi\u00e7\u00e3o: 1944 Editor: Ediciones Fe, Editora Nacional, Madrid Idioma: Espanhol Dimens\u00f5es: 12\u00a0 x 1.5 x 17 cm Encaderna\u00e7\u00e3o: Capa mole P\u00e1ginas: 236<\/p>\n","protected":false},"featured_media":2311,"comment_status":"open","ping_status":"closed","template":"","meta":{"om_disable_all_campaigns":false,"_monsterinsights_skip_tracking":false,"_monsterinsights_sitenote_active":false,"_monsterinsights_sitenote_note":"","_monsterinsights_sitenote_category":0,"_uf_show_specific_survey":0,"_uf_disable_surveys":false},"product_cat":[33],"product_tag":[],"aioseo_notices":[],"jetpack_sharing_enabled":true,"_links":{"self":[{"href":"https:\/\/casadolivreiro.pt\/index.php\/wp-json\/wp\/v2\/product\/2310"}],"collection":[{"href":"https:\/\/casadolivreiro.pt\/index.php\/wp-json\/wp\/v2\/product"}],"about":[{"href":"https:\/\/casadolivreiro.pt\/index.php\/wp-json\/wp\/v2\/types\/product"}],"replies":[{"embeddable":true,"href":"https:\/\/casadolivreiro.pt\/index.php\/wp-json\/wp\/v2\/comments?post=2310"}],"wp:featuredmedia":[{"embeddable":true,"href":"https:\/\/casadolivreiro.pt\/index.php\/wp-json\/wp\/v2\/media\/2311"}],"wp:attachment":[{"href":"https:\/\/casadolivreiro.pt\/index.php\/wp-json\/wp\/v2\/media?parent=2310"}],"wp:term":[{"taxonomy":"product_cat","embeddable":true,"href":"https:\/\/casadolivreiro.pt\/index.php\/wp-json\/wp\/v2\/product_cat?post=2310"},{"taxonomy":"product_tag","embeddable":true,"href":"https:\/\/casadolivreiro.pt\/index.php\/wp-json\/wp\/v2\/product_tag?post=2310"}],"curies":[{"name":"wp","href":"https:\/\/api.w.org\/{rel}","templated":true}]}}