{"id":2305,"date":"2024-04-12T23:07:18","date_gmt":"2024-04-12T23:07:18","guid":{"rendered":"https:\/\/casadolivreiro.pt\/?post_type=product&#038;p=2305"},"modified":"2024-04-12T23:07:18","modified_gmt":"2024-04-12T23:07:18","slug":"rajada-mary-love","status":"publish","type":"product","link":"https:\/\/casadolivreiro.pt\/index.php\/product\/rajada-mary-love\/","title":{"rendered":"RAJADA &#8211; Mary Love"},"content":{"rendered":"<p>RAJADA<br \/>\nMary Love<br \/>\nTradu\u00e7\u00e3o de Alice Ogando<br \/>\nAno de edi\u00e7\u00e3o:<br \/>\nEditor: Livraria Editora Guimar\u00e3es &amp; C.\u00aa, Lisboa<br \/>\nIdioma: Portugu\u00eas<br \/>\nDimens\u00f5es: 11.5\u00a0 x 2 x 18 cm<br \/>\nEncaderna\u00e7\u00e3o: Capa dura<br \/>\nP\u00e1ginas: 230<br \/>\nMary Love \u00e9 pseud\u00f3nimo de Alice Ogando Costa de Oliveira Brun (1900-1981).<\/p>\n","protected":false},"excerpt":{"rendered":"<p>RAJADA Mary Love Tradu\u00e7\u00e3o de Alice Ogando Ano de edi\u00e7\u00e3o: Editor: Livraria Editora Guimar\u00e3es &amp; C.\u00aa, Lisboa Idioma: Portugu\u00eas Dimens\u00f5es: 11.5\u00a0 x 2 x 18 cm Encaderna\u00e7\u00e3o: Capa dura P\u00e1ginas: 230 Mary Love \u00e9 pseud\u00f3nimo de Alice Ogando Costa de Oliveira Brun (1900-1981).<\/p>\n","protected":false},"featured_media":2306,"comment_status":"open","ping_status":"closed","template":"","meta":{"om_disable_all_campaigns":false,"_monsterinsights_skip_tracking":false,"_monsterinsights_sitenote_active":false,"_monsterinsights_sitenote_note":"","_monsterinsights_sitenote_category":0,"_uf_show_specific_survey":0,"_uf_disable_surveys":false},"product_cat":[37],"product_tag":[],"aioseo_notices":[],"jetpack_sharing_enabled":true,"_links":{"self":[{"href":"https:\/\/casadolivreiro.pt\/index.php\/wp-json\/wp\/v2\/product\/2305"}],"collection":[{"href":"https:\/\/casadolivreiro.pt\/index.php\/wp-json\/wp\/v2\/product"}],"about":[{"href":"https:\/\/casadolivreiro.pt\/index.php\/wp-json\/wp\/v2\/types\/product"}],"replies":[{"embeddable":true,"href":"https:\/\/casadolivreiro.pt\/index.php\/wp-json\/wp\/v2\/comments?post=2305"}],"wp:featuredmedia":[{"embeddable":true,"href":"https:\/\/casadolivreiro.pt\/index.php\/wp-json\/wp\/v2\/media\/2306"}],"wp:attachment":[{"href":"https:\/\/casadolivreiro.pt\/index.php\/wp-json\/wp\/v2\/media?parent=2305"}],"wp:term":[{"taxonomy":"product_cat","embeddable":true,"href":"https:\/\/casadolivreiro.pt\/index.php\/wp-json\/wp\/v2\/product_cat?post=2305"},{"taxonomy":"product_tag","embeddable":true,"href":"https:\/\/casadolivreiro.pt\/index.php\/wp-json\/wp\/v2\/product_tag?post=2305"}],"curies":[{"name":"wp","href":"https:\/\/api.w.org\/{rel}","templated":true}]}}