{"id":2301,"date":"2024-04-12T22:59:36","date_gmt":"2024-04-12T22:59:36","guid":{"rendered":"https:\/\/casadolivreiro.pt\/?post_type=product&#038;p=2301"},"modified":"2024-04-12T22:59:37","modified_gmt":"2024-04-12T22:59:37","slug":"aventuras-de-danielle-jose-da-natividade-gaspar","status":"publish","type":"product","link":"https:\/\/casadolivreiro.pt\/index.php\/product\/aventuras-de-danielle-jose-da-natividade-gaspar\/","title":{"rendered":"AVENTURAS DE DANI\u00c8LLE &#8211; Jos\u00e9 da Natividade Gaspar"},"content":{"rendered":"<p>AVENTURAS DE DANI\u00c8LLE<br \/>\nJos\u00e9 da Natividade Gaspar<br \/>\nColec\u00e7\u00e3o Branca No. 24<br \/>\nAno de edi\u00e7\u00e3o: 1945<br \/>\nEditor: Livraria Cl\u00e1ssica Editora, Lisboa<br \/>\nIdioma: Portugu\u00eas<br \/>\nDimens\u00f5es: 12\u00a0 x 1.6 x 19 cm<br \/>\nEncaderna\u00e7\u00e3o: Capa mole<br \/>\nP\u00e1ginas: 234<\/p>\n","protected":false},"excerpt":{"rendered":"<p>AVENTURAS DE DANI\u00c8LLE Jos\u00e9 da Natividade Gaspar Colec\u00e7\u00e3o Branca No. 24 Ano de edi\u00e7\u00e3o: 1945 Editor: Livraria Cl\u00e1ssica Editora, Lisboa Idioma: Portugu\u00eas Dimens\u00f5es: 12\u00a0 x 1.6 x 19 cm Encaderna\u00e7\u00e3o: Capa mole P\u00e1ginas: 234<\/p>\n","protected":false},"featured_media":2302,"comment_status":"open","ping_status":"closed","template":"","meta":{"om_disable_all_campaigns":false,"_monsterinsights_skip_tracking":false,"_monsterinsights_sitenote_active":false,"_monsterinsights_sitenote_note":"","_monsterinsights_sitenote_category":0,"_uf_show_specific_survey":0,"_uf_disable_surveys":false},"product_cat":[25],"product_tag":[],"aioseo_notices":[],"jetpack_sharing_enabled":true,"_links":{"self":[{"href":"https:\/\/casadolivreiro.pt\/index.php\/wp-json\/wp\/v2\/product\/2301"}],"collection":[{"href":"https:\/\/casadolivreiro.pt\/index.php\/wp-json\/wp\/v2\/product"}],"about":[{"href":"https:\/\/casadolivreiro.pt\/index.php\/wp-json\/wp\/v2\/types\/product"}],"replies":[{"embeddable":true,"href":"https:\/\/casadolivreiro.pt\/index.php\/wp-json\/wp\/v2\/comments?post=2301"}],"wp:featuredmedia":[{"embeddable":true,"href":"https:\/\/casadolivreiro.pt\/index.php\/wp-json\/wp\/v2\/media\/2302"}],"wp:attachment":[{"href":"https:\/\/casadolivreiro.pt\/index.php\/wp-json\/wp\/v2\/media?parent=2301"}],"wp:term":[{"taxonomy":"product_cat","embeddable":true,"href":"https:\/\/casadolivreiro.pt\/index.php\/wp-json\/wp\/v2\/product_cat?post=2301"},{"taxonomy":"product_tag","embeddable":true,"href":"https:\/\/casadolivreiro.pt\/index.php\/wp-json\/wp\/v2\/product_tag?post=2301"}],"curies":[{"name":"wp","href":"https:\/\/api.w.org\/{rel}","templated":true}]}}