{"id":230,"date":"2024-03-06T17:55:15","date_gmt":"2024-03-06T17:55:15","guid":{"rendered":"https:\/\/casadolivreiro.pt\/?post_type=product&#038;p=230"},"modified":"2024-03-06T17:55:15","modified_gmt":"2024-03-06T17:55:15","slug":"parque-das-nacoes-um-mapa-alternativo-fotografia-texto-design-monteiro-gil-agostinho-goncalves-alberto-picco","status":"publish","type":"product","link":"https:\/\/casadolivreiro.pt\/index.php\/product\/parque-das-nacoes-um-mapa-alternativo-fotografia-texto-design-monteiro-gil-agostinho-goncalves-alberto-picco\/","title":{"rendered":"PARQUE DAS NA\u00c7\u00d5ES. UM MAPA  ALTERNATIVO Fotografia, texto, design: Monteiro Gil, Agostinho Gon\u00e7alves, Alberto Picco"},"content":{"rendered":"<p>PARQUE DAS NA\u00c7\u00d5ES. UM MAPA\u00a0 ALTERNATIVO<br \/>\nFotografia, texto, design: Monteiro Gil, Agostinho Gon\u00e7alves, Alberto Picco<br \/>\nISBN:\u00a0 \u00a0978-989-54891-7-6<br \/>\nEditor:\u00a0 GOD Publishing<br \/>\nData de Lan\u00e7amento:\u00a0 2020<br \/>\nIdioma:\u00a0 Portugu\u00eas<br \/>\nDimens\u00f5es:\u00a0\u00a0\u00a0\u00a0 25,7 x 2 x\u00a0 20,7 cm<br \/>\nEncaderna\u00e7\u00e3o: Capa dura<br \/>\nP\u00e1ginas: 176 pp., n\u00e3o numeradas<\/p>\n<p>Regresso ao Parque das Na\u00e7\u00f5es. Um espa\u00e7o sempre agrad\u00e1vel. Urbano e verde, a presen\u00e7a da natureza e o Tejo ali \u00e0 beira, criando um horizonte mais vasto. O Ocean\u00e1rio, o Centro Ci\u00eancia Vida, o Pavilh\u00e3o de Portugal (um dos mais interessantes edif\u00edcios e que merecia \u2013 por todas as raz\u00f5es \u2013 de ser uma obra de Siza Vieira a ser de Portugal \u2013 uma utiliza\u00e7\u00e3o condigna! E quantas poss\u00edveis haveria!), o Casino Lisboa, a Torre Vasco da Gama, para referir apenas alguns\u2026 Caminhar entre jardins ou sobre o rio\u2026 E a sua envolvente\u2026 Um local da capital a que sabe sempre bem regressar.<\/p>\n","protected":false},"excerpt":{"rendered":"<p>PARQUE DAS NA\u00c7\u00d5ES. UM MAPA\u00a0 ALTERNATIVO Fotografia, texto, design: Monteiro Gil, Agostinho Gon\u00e7alves, Alberto Picco ISBN:\u00a0 \u00a0978-989-54891-7-6 Editor:\u00a0 GOD Publishing Data de Lan\u00e7amento:\u00a0 2020 Idioma:\u00a0 Portugu\u00eas Dimens\u00f5es:\u00a0\u00a0\u00a0\u00a0 25,7 x 2 x\u00a0 20,7 cm Encaderna\u00e7\u00e3o: Capa dura P\u00e1ginas: 176 pp., n\u00e3o numeradas Regresso ao Parque das Na\u00e7\u00f5es. Um espa\u00e7o sempre agrad\u00e1vel. Urbano e verde, a presen\u00e7a [&hellip;]<\/p>\n","protected":false},"featured_media":231,"comment_status":"open","ping_status":"closed","template":"","meta":{"om_disable_all_campaigns":false,"_monsterinsights_skip_tracking":false,"_monsterinsights_sitenote_active":false,"_monsterinsights_sitenote_note":"","_monsterinsights_sitenote_category":0,"_uf_show_specific_survey":0,"_uf_disable_surveys":false},"product_cat":[24,49,62,39],"product_tag":[],"aioseo_notices":[],"jetpack_sharing_enabled":true,"_links":{"self":[{"href":"https:\/\/casadolivreiro.pt\/index.php\/wp-json\/wp\/v2\/product\/230"}],"collection":[{"href":"https:\/\/casadolivreiro.pt\/index.php\/wp-json\/wp\/v2\/product"}],"about":[{"href":"https:\/\/casadolivreiro.pt\/index.php\/wp-json\/wp\/v2\/types\/product"}],"replies":[{"embeddable":true,"href":"https:\/\/casadolivreiro.pt\/index.php\/wp-json\/wp\/v2\/comments?post=230"}],"wp:featuredmedia":[{"embeddable":true,"href":"https:\/\/casadolivreiro.pt\/index.php\/wp-json\/wp\/v2\/media\/231"}],"wp:attachment":[{"href":"https:\/\/casadolivreiro.pt\/index.php\/wp-json\/wp\/v2\/media?parent=230"}],"wp:term":[{"taxonomy":"product_cat","embeddable":true,"href":"https:\/\/casadolivreiro.pt\/index.php\/wp-json\/wp\/v2\/product_cat?post=230"},{"taxonomy":"product_tag","embeddable":true,"href":"https:\/\/casadolivreiro.pt\/index.php\/wp-json\/wp\/v2\/product_tag?post=230"}],"curies":[{"name":"wp","href":"https:\/\/api.w.org\/{rel}","templated":true}]}}