{"id":2299,"date":"2024-04-12T21:18:03","date_gmt":"2024-04-12T21:18:03","guid":{"rendered":"https:\/\/casadolivreiro.pt\/?post_type=product&#038;p=2299"},"modified":"2024-04-12T21:18:25","modified_gmt":"2024-04-12T21:18:25","slug":"a-china-vence-o-passado-jose-de-freitas","status":"publish","type":"product","link":"https:\/\/casadolivreiro.pt\/index.php\/product\/a-china-vence-o-passado-jose-de-freitas\/","title":{"rendered":"A CHINA VENCE O PASSADO &#8211; Jos\u00e9 de Freitas"},"content":{"rendered":"<p>A CHINA VENCE O PASSADO<br \/>\nJos\u00e9 de Freitas<br \/>\nAno de edi\u00e7\u00e3o: 1964<br \/>\nEditor: Edi\u00e7\u00f5es Cosmos Lisboa<br \/>\nIdioma: Portugu\u00eas<br \/>\nDimens\u00f5es: 13\u00a0 x 3.1 x 19.5 cm<br \/>\nEncaderna\u00e7\u00e3o: Capa mole<br \/>\nP\u00e1ginas: 338<\/p>\n","protected":false},"excerpt":{"rendered":"<p>A CHINA VENCE O PASSADO Jos\u00e9 de Freitas Ano de edi\u00e7\u00e3o: 1964 Editor: Edi\u00e7\u00f5es Cosmos Lisboa Idioma: Portugu\u00eas Dimens\u00f5es: 13\u00a0 x 3.1 x 19.5 cm Encaderna\u00e7\u00e3o: Capa mole P\u00e1ginas: 338<\/p>\n","protected":false},"featured_media":2300,"comment_status":"open","ping_status":"closed","template":"","meta":{"om_disable_all_campaigns":false,"_monsterinsights_skip_tracking":false,"_monsterinsights_sitenote_active":false,"_monsterinsights_sitenote_note":"","_monsterinsights_sitenote_category":0,"_uf_show_specific_survey":0,"_uf_disable_surveys":false},"product_cat":[30,36],"product_tag":[],"aioseo_notices":[],"jetpack_sharing_enabled":true,"_links":{"self":[{"href":"https:\/\/casadolivreiro.pt\/index.php\/wp-json\/wp\/v2\/product\/2299"}],"collection":[{"href":"https:\/\/casadolivreiro.pt\/index.php\/wp-json\/wp\/v2\/product"}],"about":[{"href":"https:\/\/casadolivreiro.pt\/index.php\/wp-json\/wp\/v2\/types\/product"}],"replies":[{"embeddable":true,"href":"https:\/\/casadolivreiro.pt\/index.php\/wp-json\/wp\/v2\/comments?post=2299"}],"wp:featuredmedia":[{"embeddable":true,"href":"https:\/\/casadolivreiro.pt\/index.php\/wp-json\/wp\/v2\/media\/2300"}],"wp:attachment":[{"href":"https:\/\/casadolivreiro.pt\/index.php\/wp-json\/wp\/v2\/media?parent=2299"}],"wp:term":[{"taxonomy":"product_cat","embeddable":true,"href":"https:\/\/casadolivreiro.pt\/index.php\/wp-json\/wp\/v2\/product_cat?post=2299"},{"taxonomy":"product_tag","embeddable":true,"href":"https:\/\/casadolivreiro.pt\/index.php\/wp-json\/wp\/v2\/product_tag?post=2299"}],"curies":[{"name":"wp","href":"https:\/\/api.w.org\/{rel}","templated":true}]}}