{"id":2287,"date":"2024-04-12T20:54:54","date_gmt":"2024-04-12T20:54:54","guid":{"rendered":"https:\/\/casadolivreiro.pt\/?post_type=product&#038;p=2287"},"modified":"2024-04-12T20:54:54","modified_gmt":"2024-04-12T20:54:54","slug":"junia-ou-a-justica-de-trajano-theresa-schedel","status":"publish","type":"product","link":"https:\/\/casadolivreiro.pt\/index.php\/product\/junia-ou-a-justica-de-trajano-theresa-schedel\/","title":{"rendered":"JUNIA OU A JUSTI\u00c7A DE TRAJANO &#8211; Theresa Schedel"},"content":{"rendered":"<p>JUNIA OU A JUSTI\u00c7A DE TRAJANO<br \/>\nTheresa Schedel<br \/>\nAno de edi\u00e7\u00e3o: 2009 (1.\u00aa edi\u00e7\u00e3o)<br \/>\nEditor: Editorial Presen\u00e7a, Lisboa<br \/>\nIdioma: Portugu\u00eas<br \/>\nDimens\u00f5es: 15\u00a0 x 1.1 x 23 cm<br \/>\nEncaderna\u00e7\u00e3o: Capa mole<br \/>\nP\u00e1ginas: 195<\/p>\n","protected":false},"excerpt":{"rendered":"<p>JUNIA OU A JUSTI\u00c7A DE TRAJANO Theresa Schedel Ano de edi\u00e7\u00e3o: 2009 (1.\u00aa edi\u00e7\u00e3o) Editor: Editorial Presen\u00e7a, Lisboa Idioma: Portugu\u00eas Dimens\u00f5es: 15\u00a0 x 1.1 x 23 cm Encaderna\u00e7\u00e3o: Capa mole P\u00e1ginas: 195<\/p>\n","protected":false},"featured_media":2288,"comment_status":"open","ping_status":"closed","template":"","meta":{"om_disable_all_campaigns":false,"_monsterinsights_skip_tracking":false,"_monsterinsights_sitenote_active":false,"_monsterinsights_sitenote_note":"","_monsterinsights_sitenote_category":0,"_uf_show_specific_survey":0,"_uf_disable_surveys":false},"product_cat":[25,38],"product_tag":[],"aioseo_notices":[],"jetpack_sharing_enabled":true,"_links":{"self":[{"href":"https:\/\/casadolivreiro.pt\/index.php\/wp-json\/wp\/v2\/product\/2287"}],"collection":[{"href":"https:\/\/casadolivreiro.pt\/index.php\/wp-json\/wp\/v2\/product"}],"about":[{"href":"https:\/\/casadolivreiro.pt\/index.php\/wp-json\/wp\/v2\/types\/product"}],"replies":[{"embeddable":true,"href":"https:\/\/casadolivreiro.pt\/index.php\/wp-json\/wp\/v2\/comments?post=2287"}],"wp:featuredmedia":[{"embeddable":true,"href":"https:\/\/casadolivreiro.pt\/index.php\/wp-json\/wp\/v2\/media\/2288"}],"wp:attachment":[{"href":"https:\/\/casadolivreiro.pt\/index.php\/wp-json\/wp\/v2\/media?parent=2287"}],"wp:term":[{"taxonomy":"product_cat","embeddable":true,"href":"https:\/\/casadolivreiro.pt\/index.php\/wp-json\/wp\/v2\/product_cat?post=2287"},{"taxonomy":"product_tag","embeddable":true,"href":"https:\/\/casadolivreiro.pt\/index.php\/wp-json\/wp\/v2\/product_tag?post=2287"}],"curies":[{"name":"wp","href":"https:\/\/api.w.org\/{rel}","templated":true}]}}