{"id":2283,"date":"2024-04-12T20:43:48","date_gmt":"2024-04-12T20:43:48","guid":{"rendered":"https:\/\/casadolivreiro.pt\/?post_type=product&#038;p=2283"},"modified":"2026-01-11T15:29:41","modified_gmt":"2026-01-11T15:29:41","slug":"a-profecia-romanov-steve-berry","status":"publish","type":"product","link":"https:\/\/casadolivreiro.pt\/index.php\/product\/a-profecia-romanov-steve-berry\/","title":{"rendered":"A PROFECIA ROMANOV &#8211; Steve Berry"},"content":{"rendered":"<p>A PROFECIA ROMANOV<br \/>\nSteve Berry<br \/>\nTradu\u00e7\u00e3o de Dina Antunes<br \/>\nISBN: 978-972-20-2921-6<br \/>\nAno de edi\u00e7\u00e3o: 2008 ( 3.\u00aa edi\u00e7\u00e3o)<br \/>\nEditor: Dom Quixote<br \/>\nIdioma: Portugu\u00eas<br \/>\nDimens\u00f5es: 15.5\u00a0 x 2.4 x 23.5 cm<br \/>\nEncaderna\u00e7\u00e3o: Capa mole<br \/>\nP\u00e1ginas: 426<\/p>\n","protected":false},"excerpt":{"rendered":"<p>A PROFECIA ROMANOV Steve Berry Tradu\u00e7\u00e3o de Dina Antunes ISBN: 978-972-20-2921-6 Ano de edi\u00e7\u00e3o: 2008 ( 3.\u00aa edi\u00e7\u00e3o) Editor: Dom Quixote Idioma: Portugu\u00eas Dimens\u00f5es: 15.5\u00a0 x 2.4 x 23.5 cm Encaderna\u00e7\u00e3o: Capa mole P\u00e1ginas: 426<\/p>\n","protected":false},"featured_media":2284,"comment_status":"open","ping_status":"closed","template":"","meta":{"om_disable_all_campaigns":false,"_monsterinsights_skip_tracking":false,"_monsterinsights_sitenote_active":false,"_monsterinsights_sitenote_note":"","_monsterinsights_sitenote_category":0,"_uf_show_specific_survey":0,"_uf_disable_surveys":false},"product_cat":[26],"product_tag":[],"aioseo_notices":[],"jetpack_sharing_enabled":true,"_links":{"self":[{"href":"https:\/\/casadolivreiro.pt\/index.php\/wp-json\/wp\/v2\/product\/2283"}],"collection":[{"href":"https:\/\/casadolivreiro.pt\/index.php\/wp-json\/wp\/v2\/product"}],"about":[{"href":"https:\/\/casadolivreiro.pt\/index.php\/wp-json\/wp\/v2\/types\/product"}],"replies":[{"embeddable":true,"href":"https:\/\/casadolivreiro.pt\/index.php\/wp-json\/wp\/v2\/comments?post=2283"}],"wp:featuredmedia":[{"embeddable":true,"href":"https:\/\/casadolivreiro.pt\/index.php\/wp-json\/wp\/v2\/media\/2284"}],"wp:attachment":[{"href":"https:\/\/casadolivreiro.pt\/index.php\/wp-json\/wp\/v2\/media?parent=2283"}],"wp:term":[{"taxonomy":"product_cat","embeddable":true,"href":"https:\/\/casadolivreiro.pt\/index.php\/wp-json\/wp\/v2\/product_cat?post=2283"},{"taxonomy":"product_tag","embeddable":true,"href":"https:\/\/casadolivreiro.pt\/index.php\/wp-json\/wp\/v2\/product_tag?post=2283"}],"curies":[{"name":"wp","href":"https:\/\/api.w.org\/{rel}","templated":true}]}}