{"id":228,"date":"2024-03-06T17:37:21","date_gmt":"2024-03-06T17:37:21","guid":{"rendered":"https:\/\/casadolivreiro.pt\/?post_type=product&#038;p=228"},"modified":"2024-03-06T17:37:21","modified_gmt":"2024-03-06T17:37:21","slug":"shorter-poems-of-john-milton-edited-by-b-a-wright","status":"publish","type":"product","link":"https:\/\/casadolivreiro.pt\/index.php\/product\/shorter-poems-of-john-milton-edited-by-b-a-wright\/","title":{"rendered":"SHORTER POEMS OF JOHN MILTON Edited by B. A. Wright"},"content":{"rendered":"<p>SHORTER POEMS OF JOHN MILTON<br \/>\nEdited by B. A. Wright<br \/>\nEditor: MacMillan &amp; Co. Ltd, London<br \/>\nData de Lan\u00e7amento:<br \/>\nIdioma:\u00a0 Ingl\u00eas<br \/>\nDimens\u00f5es:\u00a0\u00a0\u00a011 x 1.7 x 17.8cm<br \/>\nEncaderna\u00e7\u00e3o: Capa dura<br \/>\nP\u00e1ginas: 210<\/p>\n","protected":false},"excerpt":{"rendered":"<p>SHORTER POEMS OF JOHN MILTON Edited by B. A. Wright Editor: MacMillan &amp; Co. Ltd, London Data de Lan\u00e7amento: Idioma:\u00a0 Ingl\u00eas Dimens\u00f5es:\u00a0\u00a0\u00a011 x 1.7 x 17.8cm Encaderna\u00e7\u00e3o: Capa dura P\u00e1ginas: 210<\/p>\n","protected":false},"featured_media":229,"comment_status":"open","ping_status":"closed","template":"","meta":{"om_disable_all_campaigns":false,"_monsterinsights_skip_tracking":false,"_monsterinsights_sitenote_active":false,"_monsterinsights_sitenote_note":"","_monsterinsights_sitenote_category":0,"_uf_show_specific_survey":0,"_uf_disable_surveys":false},"product_cat":[55,62,27],"product_tag":[],"aioseo_notices":[],"jetpack_sharing_enabled":true,"_links":{"self":[{"href":"https:\/\/casadolivreiro.pt\/index.php\/wp-json\/wp\/v2\/product\/228"}],"collection":[{"href":"https:\/\/casadolivreiro.pt\/index.php\/wp-json\/wp\/v2\/product"}],"about":[{"href":"https:\/\/casadolivreiro.pt\/index.php\/wp-json\/wp\/v2\/types\/product"}],"replies":[{"embeddable":true,"href":"https:\/\/casadolivreiro.pt\/index.php\/wp-json\/wp\/v2\/comments?post=228"}],"wp:featuredmedia":[{"embeddable":true,"href":"https:\/\/casadolivreiro.pt\/index.php\/wp-json\/wp\/v2\/media\/229"}],"wp:attachment":[{"href":"https:\/\/casadolivreiro.pt\/index.php\/wp-json\/wp\/v2\/media?parent=228"}],"wp:term":[{"taxonomy":"product_cat","embeddable":true,"href":"https:\/\/casadolivreiro.pt\/index.php\/wp-json\/wp\/v2\/product_cat?post=228"},{"taxonomy":"product_tag","embeddable":true,"href":"https:\/\/casadolivreiro.pt\/index.php\/wp-json\/wp\/v2\/product_tag?post=228"}],"curies":[{"name":"wp","href":"https:\/\/api.w.org\/{rel}","templated":true}]}}