{"id":2279,"date":"2024-04-12T20:34:53","date_gmt":"2024-04-12T20:34:53","guid":{"rendered":"https:\/\/casadolivreiro.pt\/?post_type=product&#038;p=2279"},"modified":"2024-04-12T20:34:53","modified_gmt":"2024-04-12T20:34:53","slug":"o-caso-schleyer-a-operacao-mogadiscio-duas-grandes-reportagens-da-revista-stern-kai-hermann-peter-koch","status":"publish","type":"product","link":"https:\/\/casadolivreiro.pt\/index.php\/product\/o-caso-schleyer-a-operacao-mogadiscio-duas-grandes-reportagens-da-revista-stern-kai-hermann-peter-koch\/","title":{"rendered":"O CASO SCHLEYER \/ A OPERA\u00c7\u00c3O MOGADISCIO Duas Grandes Reportagens da Revista Stern &#8211; Kai Hermann, Peter Koch"},"content":{"rendered":"<p>O CASO SCHLEYER \/ A OPERA\u00c7\u00c3O MOGADISCIO<br \/>\nDuas Grandes Reportagens da Revista Stern<br \/>\nKai Hermann, Peter Koch<br \/>\nAno de edi\u00e7\u00e3o:<br \/>\nEditor: Jornal Expresso<br \/>\nIdioma: Portugu\u00eas<br \/>\nDimens\u00f5es: 14.8\u00a0 x 1.3 x 21 cm<br \/>\nEncaderna\u00e7\u00e3o: Capa mole<br \/>\nP\u00e1ginas: 246<\/p>\n","protected":false},"excerpt":{"rendered":"<p>O CASO SCHLEYER \/ A OPERA\u00c7\u00c3O MOGADISCIO Duas Grandes Reportagens da Revista Stern Kai Hermann, Peter Koch Ano de edi\u00e7\u00e3o: Editor: Jornal Expresso Idioma: Portugu\u00eas Dimens\u00f5es: 14.8\u00a0 x 1.3 x 21 cm Encaderna\u00e7\u00e3o: Capa mole P\u00e1ginas: 246<\/p>\n","protected":false},"featured_media":2280,"comment_status":"open","ping_status":"closed","template":"","meta":{"om_disable_all_campaigns":false,"_monsterinsights_skip_tracking":false,"_monsterinsights_sitenote_active":false,"_monsterinsights_sitenote_note":"","_monsterinsights_sitenote_category":0,"_uf_show_specific_survey":0,"_uf_disable_surveys":false},"product_cat":[30,44],"product_tag":[],"aioseo_notices":[],"jetpack_sharing_enabled":true,"_links":{"self":[{"href":"https:\/\/casadolivreiro.pt\/index.php\/wp-json\/wp\/v2\/product\/2279"}],"collection":[{"href":"https:\/\/casadolivreiro.pt\/index.php\/wp-json\/wp\/v2\/product"}],"about":[{"href":"https:\/\/casadolivreiro.pt\/index.php\/wp-json\/wp\/v2\/types\/product"}],"replies":[{"embeddable":true,"href":"https:\/\/casadolivreiro.pt\/index.php\/wp-json\/wp\/v2\/comments?post=2279"}],"wp:featuredmedia":[{"embeddable":true,"href":"https:\/\/casadolivreiro.pt\/index.php\/wp-json\/wp\/v2\/media\/2280"}],"wp:attachment":[{"href":"https:\/\/casadolivreiro.pt\/index.php\/wp-json\/wp\/v2\/media?parent=2279"}],"wp:term":[{"taxonomy":"product_cat","embeddable":true,"href":"https:\/\/casadolivreiro.pt\/index.php\/wp-json\/wp\/v2\/product_cat?post=2279"},{"taxonomy":"product_tag","embeddable":true,"href":"https:\/\/casadolivreiro.pt\/index.php\/wp-json\/wp\/v2\/product_tag?post=2279"}],"curies":[{"name":"wp","href":"https:\/\/api.w.org\/{rel}","templated":true}]}}