{"id":2269,"date":"2024-04-12T20:15:11","date_gmt":"2024-04-12T20:15:11","guid":{"rendered":"https:\/\/casadolivreiro.pt\/?post_type=product&#038;p=2269"},"modified":"2024-04-12T20:15:11","modified_gmt":"2024-04-12T20:15:11","slug":"o-deserto-habitado-julio-conrado","status":"publish","type":"product","link":"https:\/\/casadolivreiro.pt\/index.php\/product\/o-deserto-habitado-julio-conrado\/","title":{"rendered":"O DESERTO HABITADO &#8211; J\u00falio Conrado"},"content":{"rendered":"<p>O DESERTO HABITADO<br \/>\nJ\u00falio Conrado<br \/>\nAno de edi\u00e7\u00e3o: 1974 (Primeira edi\u00e7\u00e3o)<br \/>\nEditor: Prelo Editora, Lisboa<br \/>\nIdioma: Portugu\u00eas<br \/>\nDimens\u00f5es: 12.2\u00a0 x 1 x 18.8 cm<br \/>\nEncaderna\u00e7\u00e3o: Capa mole<br \/>\nP\u00e1ginas: 163<\/p>\n","protected":false},"excerpt":{"rendered":"<p>O DESERTO HABITADO J\u00falio Conrado Ano de edi\u00e7\u00e3o: 1974 (Primeira edi\u00e7\u00e3o) Editor: Prelo Editora, Lisboa Idioma: Portugu\u00eas Dimens\u00f5es: 12.2\u00a0 x 1 x 18.8 cm Encaderna\u00e7\u00e3o: Capa mole P\u00e1ginas: 163<\/p>\n","protected":false},"featured_media":2270,"comment_status":"open","ping_status":"closed","template":"","meta":{"om_disable_all_campaigns":false,"_monsterinsights_skip_tracking":false,"_monsterinsights_sitenote_active":false,"_monsterinsights_sitenote_note":"","_monsterinsights_sitenote_category":0,"_uf_show_specific_survey":0,"_uf_disable_surveys":false},"product_cat":[25,61,37],"product_tag":[],"aioseo_notices":[],"jetpack_sharing_enabled":true,"_links":{"self":[{"href":"https:\/\/casadolivreiro.pt\/index.php\/wp-json\/wp\/v2\/product\/2269"}],"collection":[{"href":"https:\/\/casadolivreiro.pt\/index.php\/wp-json\/wp\/v2\/product"}],"about":[{"href":"https:\/\/casadolivreiro.pt\/index.php\/wp-json\/wp\/v2\/types\/product"}],"replies":[{"embeddable":true,"href":"https:\/\/casadolivreiro.pt\/index.php\/wp-json\/wp\/v2\/comments?post=2269"}],"wp:featuredmedia":[{"embeddable":true,"href":"https:\/\/casadolivreiro.pt\/index.php\/wp-json\/wp\/v2\/media\/2270"}],"wp:attachment":[{"href":"https:\/\/casadolivreiro.pt\/index.php\/wp-json\/wp\/v2\/media?parent=2269"}],"wp:term":[{"taxonomy":"product_cat","embeddable":true,"href":"https:\/\/casadolivreiro.pt\/index.php\/wp-json\/wp\/v2\/product_cat?post=2269"},{"taxonomy":"product_tag","embeddable":true,"href":"https:\/\/casadolivreiro.pt\/index.php\/wp-json\/wp\/v2\/product_tag?post=2269"}],"curies":[{"name":"wp","href":"https:\/\/api.w.org\/{rel}","templated":true}]}}