{"id":2267,"date":"2024-04-12T20:10:56","date_gmt":"2024-04-12T20:10:56","guid":{"rendered":"https:\/\/casadolivreiro.pt\/?post_type=product&#038;p=2267"},"modified":"2024-04-12T20:10:56","modified_gmt":"2024-04-12T20:10:56","slug":"as-atribulacoes-de-um-chines-na-china-julio-verne","status":"publish","type":"product","link":"https:\/\/casadolivreiro.pt\/index.php\/product\/as-atribulacoes-de-um-chines-na-china-julio-verne\/","title":{"rendered":"AS ATRIBULA\u00c7\u00d5ES DE UM CH\u00cdN\u00caS NA CHINA &#8211; Julio Verne"},"content":{"rendered":"<p>AS ATRIBULA\u00c7\u00d5ES DE UM CH\u00cdN\u00caS NA CHINA<br \/>\nJulio Verne<br \/>\nAno de edi\u00e7\u00e3o:<br \/>\nEditor: Fernando Pereira, Lisboa<br \/>\nIdioma: Portugu\u00eas<br \/>\nDimens\u00f5es: 15\u00a0 x 0.7 x 21 cm<br \/>\nEncaderna\u00e7\u00e3o: Capa mole<br \/>\nP\u00e1ginas: 120<\/p>\n","protected":false},"excerpt":{"rendered":"<p>AS ATRIBULA\u00c7\u00d5ES DE UM CH\u00cdN\u00caS NA CHINA Julio Verne Ano de edi\u00e7\u00e3o: Editor: Fernando Pereira, Lisboa Idioma: Portugu\u00eas Dimens\u00f5es: 15\u00a0 x 0.7 x 21 cm Encaderna\u00e7\u00e3o: Capa mole P\u00e1ginas: 120<\/p>\n","protected":false},"featured_media":2268,"comment_status":"open","ping_status":"closed","template":"","meta":{"om_disable_all_campaigns":false,"_monsterinsights_skip_tracking":false,"_monsterinsights_sitenote_active":false,"_monsterinsights_sitenote_note":"","_monsterinsights_sitenote_category":0,"_uf_show_specific_survey":0,"_uf_disable_surveys":false},"product_cat":[34],"product_tag":[],"aioseo_notices":[],"jetpack_sharing_enabled":true,"_links":{"self":[{"href":"https:\/\/casadolivreiro.pt\/index.php\/wp-json\/wp\/v2\/product\/2267"}],"collection":[{"href":"https:\/\/casadolivreiro.pt\/index.php\/wp-json\/wp\/v2\/product"}],"about":[{"href":"https:\/\/casadolivreiro.pt\/index.php\/wp-json\/wp\/v2\/types\/product"}],"replies":[{"embeddable":true,"href":"https:\/\/casadolivreiro.pt\/index.php\/wp-json\/wp\/v2\/comments?post=2267"}],"wp:featuredmedia":[{"embeddable":true,"href":"https:\/\/casadolivreiro.pt\/index.php\/wp-json\/wp\/v2\/media\/2268"}],"wp:attachment":[{"href":"https:\/\/casadolivreiro.pt\/index.php\/wp-json\/wp\/v2\/media?parent=2267"}],"wp:term":[{"taxonomy":"product_cat","embeddable":true,"href":"https:\/\/casadolivreiro.pt\/index.php\/wp-json\/wp\/v2\/product_cat?post=2267"},{"taxonomy":"product_tag","embeddable":true,"href":"https:\/\/casadolivreiro.pt\/index.php\/wp-json\/wp\/v2\/product_tag?post=2267"}],"curies":[{"name":"wp","href":"https:\/\/api.w.org\/{rel}","templated":true}]}}