{"id":2261,"date":"2024-04-12T19:58:38","date_gmt":"2024-04-12T19:58:38","guid":{"rendered":"https:\/\/casadolivreiro.pt\/?post_type=product&#038;p=2261"},"modified":"2024-04-12T19:58:39","modified_gmt":"2024-04-12T19:58:39","slug":"crepusculo-de-um-genio-o-fim-do-cirurgiao-ferdinand-sauerbruch-jurgen-thorwald","status":"publish","type":"product","link":"https:\/\/casadolivreiro.pt\/index.php\/product\/crepusculo-de-um-genio-o-fim-do-cirurgiao-ferdinand-sauerbruch-jurgen-thorwald\/","title":{"rendered":"CREP\u00daSCULO DE UM G\u00c9NIO: O fim do cirurgi\u00e3o Ferdinand Sauerbruch &#8211; J\u00fcrgen Thorwald"},"content":{"rendered":"<p>CREP\u00daSCULO DE UM G\u00c9NIO: O fim do cirurgi\u00e3o Ferdinand Sauerbruch<br \/>\nJ\u00fcrgen Thorwald<br \/>\nTradu\u00e7\u00e3o de Isabel Vilares Cepeda<br \/>\nAno de edi\u00e7\u00e3o: 1964<br \/>\nEditor: Editorial Aster, Lisboa<br \/>\nIdioma: Portugu\u00eas<br \/>\nDimens\u00f5es: 14.8\u00a0 x 1.5 x 22 cm<br \/>\nEncaderna\u00e7\u00e3o: Capa mole<br \/>\nP\u00e1ginas: 164<\/p>\n","protected":false},"excerpt":{"rendered":"<p>CREP\u00daSCULO DE UM G\u00c9NIO: O fim do cirurgi\u00e3o Ferdinand Sauerbruch J\u00fcrgen Thorwald Tradu\u00e7\u00e3o de Isabel Vilares Cepeda Ano de edi\u00e7\u00e3o: 1964 Editor: Editorial Aster, Lisboa Idioma: Portugu\u00eas Dimens\u00f5es: 14.8\u00a0 x 1.5 x 22 cm Encaderna\u00e7\u00e3o: Capa mole P\u00e1ginas: 164<\/p>\n","protected":false},"featured_media":2262,"comment_status":"open","ping_status":"closed","template":"","meta":{"om_disable_all_campaigns":false,"_monsterinsights_skip_tracking":false,"_monsterinsights_sitenote_active":false,"_monsterinsights_sitenote_note":"","_monsterinsights_sitenote_category":0,"_uf_show_specific_survey":0,"_uf_disable_surveys":false},"product_cat":[28,26,36],"product_tag":[],"aioseo_notices":[],"jetpack_sharing_enabled":true,"_links":{"self":[{"href":"https:\/\/casadolivreiro.pt\/index.php\/wp-json\/wp\/v2\/product\/2261"}],"collection":[{"href":"https:\/\/casadolivreiro.pt\/index.php\/wp-json\/wp\/v2\/product"}],"about":[{"href":"https:\/\/casadolivreiro.pt\/index.php\/wp-json\/wp\/v2\/types\/product"}],"replies":[{"embeddable":true,"href":"https:\/\/casadolivreiro.pt\/index.php\/wp-json\/wp\/v2\/comments?post=2261"}],"wp:featuredmedia":[{"embeddable":true,"href":"https:\/\/casadolivreiro.pt\/index.php\/wp-json\/wp\/v2\/media\/2262"}],"wp:attachment":[{"href":"https:\/\/casadolivreiro.pt\/index.php\/wp-json\/wp\/v2\/media?parent=2261"}],"wp:term":[{"taxonomy":"product_cat","embeddable":true,"href":"https:\/\/casadolivreiro.pt\/index.php\/wp-json\/wp\/v2\/product_cat?post=2261"},{"taxonomy":"product_tag","embeddable":true,"href":"https:\/\/casadolivreiro.pt\/index.php\/wp-json\/wp\/v2\/product_tag?post=2261"}],"curies":[{"name":"wp","href":"https:\/\/api.w.org\/{rel}","templated":true}]}}