{"id":2259,"date":"2024-04-12T17:31:21","date_gmt":"2024-04-12T17:31:21","guid":{"rendered":"https:\/\/casadolivreiro.pt\/?post_type=product&#038;p=2259"},"modified":"2024-04-12T17:31:21","modified_gmt":"2024-04-12T17:31:21","slug":"viagem-aos-centros-da-terra-depoimentos-sobre-o-estado-actual-do-pensamento-das-artes-e-das-ciencias-vintila-horia","status":"publish","type":"product","link":"https:\/\/casadolivreiro.pt\/index.php\/product\/viagem-aos-centros-da-terra-depoimentos-sobre-o-estado-actual-do-pensamento-das-artes-e-das-ciencias-vintila-horia\/","title":{"rendered":"VIAGEM AOS CENTROS DA TERRA: Depoimentos sobre o estado actual do pensamento, das artes e das ci\u00eancias &#8211; Vintila Horia"},"content":{"rendered":"<p>VIAGEM AOS CENTROS DA TERRA: Depoimentos sobre o estado actual do pensamento, das artes e das ci\u00eancias<br \/>\nVintila Horia<br \/>\nTradi\u00e7\u00e3o de Vergilio Godinho, P. Tom\u00e1s Gon\u00e7alinho de Oliveira, Maria Am\u00e1lia de Sotto-Mayor<br \/>\nAno de edi\u00e7\u00e3o: 1972<br \/>\nEditor: Editorial Verbo, Lisboa<br \/>\nIdioma: Portugu\u00eas<br \/>\nDimens\u00f5es: 15\u00a0 x 3.5 x 20 cm<br \/>\nEncaderna\u00e7\u00e3o: Capa mole<br \/>\nP\u00e1ginas: 458<\/p>\n","protected":false},"excerpt":{"rendered":"<p>VIAGEM AOS CENTROS DA TERRA: Depoimentos sobre o estado actual do pensamento, das artes e das ci\u00eancias Vintila Horia Tradi\u00e7\u00e3o de Vergilio Godinho, P. Tom\u00e1s Gon\u00e7alinho de Oliveira, Maria Am\u00e1lia de Sotto-Mayor Ano de edi\u00e7\u00e3o: 1972 Editor: Editorial Verbo, Lisboa Idioma: Portugu\u00eas Dimens\u00f5es: 15\u00a0 x 3.5 x 20 cm Encaderna\u00e7\u00e3o: Capa mole P\u00e1ginas: 458<\/p>\n","protected":false},"featured_media":2260,"comment_status":"open","ping_status":"closed","template":"","meta":{"om_disable_all_campaigns":false,"_monsterinsights_skip_tracking":false,"_monsterinsights_sitenote_active":false,"_monsterinsights_sitenote_note":"","_monsterinsights_sitenote_category":0,"_uf_show_specific_survey":0,"_uf_disable_surveys":false},"product_cat":[32,47],"product_tag":[],"aioseo_notices":[],"jetpack_sharing_enabled":true,"_links":{"self":[{"href":"https:\/\/casadolivreiro.pt\/index.php\/wp-json\/wp\/v2\/product\/2259"}],"collection":[{"href":"https:\/\/casadolivreiro.pt\/index.php\/wp-json\/wp\/v2\/product"}],"about":[{"href":"https:\/\/casadolivreiro.pt\/index.php\/wp-json\/wp\/v2\/types\/product"}],"replies":[{"embeddable":true,"href":"https:\/\/casadolivreiro.pt\/index.php\/wp-json\/wp\/v2\/comments?post=2259"}],"wp:featuredmedia":[{"embeddable":true,"href":"https:\/\/casadolivreiro.pt\/index.php\/wp-json\/wp\/v2\/media\/2260"}],"wp:attachment":[{"href":"https:\/\/casadolivreiro.pt\/index.php\/wp-json\/wp\/v2\/media?parent=2259"}],"wp:term":[{"taxonomy":"product_cat","embeddable":true,"href":"https:\/\/casadolivreiro.pt\/index.php\/wp-json\/wp\/v2\/product_cat?post=2259"},{"taxonomy":"product_tag","embeddable":true,"href":"https:\/\/casadolivreiro.pt\/index.php\/wp-json\/wp\/v2\/product_tag?post=2259"}],"curies":[{"name":"wp","href":"https:\/\/api.w.org\/{rel}","templated":true}]}}