{"id":2257,"date":"2024-04-12T17:27:47","date_gmt":"2024-04-12T17:27:47","guid":{"rendered":"https:\/\/casadolivreiro.pt\/?post_type=product&#038;p=2257"},"modified":"2024-04-12T17:27:48","modified_gmt":"2024-04-12T17:27:48","slug":"o-crime-de-kyralesse-c-virgil-gheorghiu","status":"publish","type":"product","link":"https:\/\/casadolivreiro.pt\/index.php\/product\/o-crime-de-kyralesse-c-virgil-gheorghiu\/","title":{"rendered":"O CRIME DE KYRALESSE  &#8211; C. Virgil Gheorghiu"},"content":{"rendered":"<p>O CRIME DE KYRALESSE<br \/>\nC. Virgil Gheorghiu<br \/>\nTradu\u00e7\u00e3o de Santos Fernando<br \/>\nAno de edi\u00e7\u00e3o: 1967<br \/>\nEditor: Livraria Bertrands, Lisboa<br \/>\nIdioma: Portugu\u00eas<br \/>\nDimens\u00f5es: 12.3\u00a0 x 2.7 x 19 cm<br \/>\nEncaderna\u00e7\u00e3o: Capa mole<br \/>\nP\u00e1ginas: 382<\/p>\n","protected":false},"excerpt":{"rendered":"<p>O CRIME DE KYRALESSE C. Virgil Gheorghiu Tradu\u00e7\u00e3o de Santos Fernando Ano de edi\u00e7\u00e3o: 1967 Editor: Livraria Bertrands, Lisboa Idioma: Portugu\u00eas Dimens\u00f5es: 12.3\u00a0 x 2.7 x 19 cm Encaderna\u00e7\u00e3o: Capa mole P\u00e1ginas: 382<\/p>\n","protected":false},"featured_media":2258,"comment_status":"open","ping_status":"closed","template":"","meta":{"om_disable_all_campaigns":false,"_monsterinsights_skip_tracking":false,"_monsterinsights_sitenote_active":false,"_monsterinsights_sitenote_note":"","_monsterinsights_sitenote_category":0,"_uf_show_specific_survey":0,"_uf_disable_surveys":false},"product_cat":[44],"product_tag":[],"aioseo_notices":[],"jetpack_sharing_enabled":true,"_links":{"self":[{"href":"https:\/\/casadolivreiro.pt\/index.php\/wp-json\/wp\/v2\/product\/2257"}],"collection":[{"href":"https:\/\/casadolivreiro.pt\/index.php\/wp-json\/wp\/v2\/product"}],"about":[{"href":"https:\/\/casadolivreiro.pt\/index.php\/wp-json\/wp\/v2\/types\/product"}],"replies":[{"embeddable":true,"href":"https:\/\/casadolivreiro.pt\/index.php\/wp-json\/wp\/v2\/comments?post=2257"}],"wp:featuredmedia":[{"embeddable":true,"href":"https:\/\/casadolivreiro.pt\/index.php\/wp-json\/wp\/v2\/media\/2258"}],"wp:attachment":[{"href":"https:\/\/casadolivreiro.pt\/index.php\/wp-json\/wp\/v2\/media?parent=2257"}],"wp:term":[{"taxonomy":"product_cat","embeddable":true,"href":"https:\/\/casadolivreiro.pt\/index.php\/wp-json\/wp\/v2\/product_cat?post=2257"},{"taxonomy":"product_tag","embeddable":true,"href":"https:\/\/casadolivreiro.pt\/index.php\/wp-json\/wp\/v2\/product_tag?post=2257"}],"curies":[{"name":"wp","href":"https:\/\/api.w.org\/{rel}","templated":true}]}}