{"id":2249,"date":"2024-04-12T17:12:32","date_gmt":"2024-04-12T17:12:32","guid":{"rendered":"https:\/\/casadolivreiro.pt\/?post_type=product&#038;p=2249"},"modified":"2024-04-12T17:12:32","modified_gmt":"2024-04-12T17:12:32","slug":"eu-me-possuo-stella-florence","status":"publish","type":"product","link":"https:\/\/casadolivreiro.pt\/index.php\/product\/eu-me-possuo-stella-florence\/","title":{"rendered":"EU ME POSSUO &#8211; Stella Florence"},"content":{"rendered":"<p>EU ME POSSUO<br \/>\nStella Florence<br \/>\nISBN: 978-85-7888-599-1<br \/>\nAno de edi\u00e7\u00e3o: 2016<br \/>\nEditor: Panda Books, S\u00e3o Paulo<br \/>\nIdioma: Portugu\u00eas<br \/>\nDimens\u00f5es: 14 x 1.4 x 21 cm<br \/>\nEncaderna\u00e7\u00e3o: Capa mole<br \/>\nP\u00e1ginas: 182<\/p>\n","protected":false},"excerpt":{"rendered":"<p>EU ME POSSUO Stella Florence ISBN: 978-85-7888-599-1 Ano de edi\u00e7\u00e3o: 2016 Editor: Panda Books, S\u00e3o Paulo Idioma: Portugu\u00eas Dimens\u00f5es: 14 x 1.4 x 21 cm Encaderna\u00e7\u00e3o: Capa mole P\u00e1ginas: 182<\/p>\n","protected":false},"featured_media":2250,"comment_status":"open","ping_status":"closed","template":"","meta":{"om_disable_all_campaigns":false,"_monsterinsights_skip_tracking":false,"_monsterinsights_sitenote_active":false,"_monsterinsights_sitenote_note":"","_monsterinsights_sitenote_category":0,"_uf_show_specific_survey":0,"_uf_disable_surveys":false},"product_cat":[26],"product_tag":[],"aioseo_notices":[],"jetpack_sharing_enabled":true,"_links":{"self":[{"href":"https:\/\/casadolivreiro.pt\/index.php\/wp-json\/wp\/v2\/product\/2249"}],"collection":[{"href":"https:\/\/casadolivreiro.pt\/index.php\/wp-json\/wp\/v2\/product"}],"about":[{"href":"https:\/\/casadolivreiro.pt\/index.php\/wp-json\/wp\/v2\/types\/product"}],"replies":[{"embeddable":true,"href":"https:\/\/casadolivreiro.pt\/index.php\/wp-json\/wp\/v2\/comments?post=2249"}],"wp:featuredmedia":[{"embeddable":true,"href":"https:\/\/casadolivreiro.pt\/index.php\/wp-json\/wp\/v2\/media\/2250"}],"wp:attachment":[{"href":"https:\/\/casadolivreiro.pt\/index.php\/wp-json\/wp\/v2\/media?parent=2249"}],"wp:term":[{"taxonomy":"product_cat","embeddable":true,"href":"https:\/\/casadolivreiro.pt\/index.php\/wp-json\/wp\/v2\/product_cat?post=2249"},{"taxonomy":"product_tag","embeddable":true,"href":"https:\/\/casadolivreiro.pt\/index.php\/wp-json\/wp\/v2\/product_tag?post=2249"}],"curies":[{"name":"wp","href":"https:\/\/api.w.org\/{rel}","templated":true}]}}