{"id":2245,"date":"2024-04-12T17:05:05","date_gmt":"2024-04-12T17:05:05","guid":{"rendered":"https:\/\/casadolivreiro.pt\/?post_type=product&#038;p=2245"},"modified":"2024-04-12T17:05:05","modified_gmt":"2024-04-12T17:05:05","slug":"como-e-doce-a-vida-a-sombra-das-palmeiras-historias-do-egipto-christian-jacq","status":"publish","type":"product","link":"https:\/\/casadolivreiro.pt\/index.php\/product\/como-e-doce-a-vida-a-sombra-das-palmeiras-historias-do-egipto-christian-jacq\/","title":{"rendered":"COMO \u00c9 DOCE A VIDA: \u00c0 sombra das palmeiras, Hist\u00f3rias do Egipto &#8211; Christian Jacq"},"content":{"rendered":"<p>COMO \u00c9 DOCE A VIDA: \u00c0 sombra das palmeiras, Hist\u00f3rias do Egipto<br \/>\nChristian Jacq<br \/>\nTradu\u00e7\u00e3o de: Maria do Carmo Abreu<br \/>\nISBN: 978-972-25-1535-1<br \/>\nAno de edi\u00e7\u00e3o: 2007<br \/>\nEditor: Bertrand, Lisboa<br \/>\nIdioma: Portugu\u00eas<br \/>\nDimens\u00f5es: 15 x 1.8 x 23 cm<br \/>\nEncaderna\u00e7\u00e3o: Capa mole<br \/>\nP\u00e1ginas: 221<\/p>\n<p>Um leque de aventuras estranhas e misteriosas. F\u00e1bulas po\u00e9ticas, contos sat\u00edricos ou de &#8220;suspense&#8221;, estas hist\u00f3rias t\u00eam todas em comum um dom fulgurante de s\u00edntese, o extraordin\u00e1rio conhecimento do autor sobre o Egipto antigo e sobre o Egipto de hoje, e finalmente esse gosto pelo m\u00edstico que convive lado a lado com o nosso imagin\u00e1rio. Quer sejam pastores ou poderosos, artistas ou aventureiros, os her\u00f3is destas hist\u00f3rias arrastam-nos com prazer num err\u00e1tico e sedutor devaneio, convidando-nos, atrav\u00e9s do tempo e do espa\u00e7o, a reflectir no sentido das nossas vidas.<\/p>\n","protected":false},"excerpt":{"rendered":"<p>COMO \u00c9 DOCE A VIDA: \u00c0 sombra das palmeiras, Hist\u00f3rias do Egipto Christian Jacq Tradu\u00e7\u00e3o de: Maria do Carmo Abreu ISBN: 978-972-25-1535-1 Ano de edi\u00e7\u00e3o: 2007 Editor: Bertrand, Lisboa Idioma: Portugu\u00eas Dimens\u00f5es: 15 x 1.8 x 23 cm Encaderna\u00e7\u00e3o: Capa mole P\u00e1ginas: 221 Um leque de aventuras estranhas e misteriosas. F\u00e1bulas po\u00e9ticas, contos sat\u00edricos ou [&hellip;]<\/p>\n","protected":false},"featured_media":2246,"comment_status":"open","ping_status":"closed","template":"","meta":{"om_disable_all_campaigns":false,"_monsterinsights_skip_tracking":false,"_monsterinsights_sitenote_active":false,"_monsterinsights_sitenote_note":"","_monsterinsights_sitenote_category":0,"_uf_show_specific_survey":0,"_uf_disable_surveys":false},"product_cat":[30,26,38],"product_tag":[],"aioseo_notices":[],"jetpack_sharing_enabled":true,"_links":{"self":[{"href":"https:\/\/casadolivreiro.pt\/index.php\/wp-json\/wp\/v2\/product\/2245"}],"collection":[{"href":"https:\/\/casadolivreiro.pt\/index.php\/wp-json\/wp\/v2\/product"}],"about":[{"href":"https:\/\/casadolivreiro.pt\/index.php\/wp-json\/wp\/v2\/types\/product"}],"replies":[{"embeddable":true,"href":"https:\/\/casadolivreiro.pt\/index.php\/wp-json\/wp\/v2\/comments?post=2245"}],"wp:featuredmedia":[{"embeddable":true,"href":"https:\/\/casadolivreiro.pt\/index.php\/wp-json\/wp\/v2\/media\/2246"}],"wp:attachment":[{"href":"https:\/\/casadolivreiro.pt\/index.php\/wp-json\/wp\/v2\/media?parent=2245"}],"wp:term":[{"taxonomy":"product_cat","embeddable":true,"href":"https:\/\/casadolivreiro.pt\/index.php\/wp-json\/wp\/v2\/product_cat?post=2245"},{"taxonomy":"product_tag","embeddable":true,"href":"https:\/\/casadolivreiro.pt\/index.php\/wp-json\/wp\/v2\/product_tag?post=2245"}],"curies":[{"name":"wp","href":"https:\/\/api.w.org\/{rel}","templated":true}]}}