{"id":2243,"date":"2024-04-12T17:01:33","date_gmt":"2024-04-12T17:01:33","guid":{"rendered":"https:\/\/casadolivreiro.pt\/?post_type=product&#038;p=2243"},"modified":"2024-04-12T17:01:33","modified_gmt":"2024-04-12T17:01:33","slug":"o-melhor-anjo-frank-ronan","status":"publish","type":"product","link":"https:\/\/casadolivreiro.pt\/index.php\/product\/o-melhor-anjo-frank-ronan\/","title":{"rendered":"O MELHOR ANJO &#8211; Frank Ronan"},"content":{"rendered":"<p>O MELHOR ANJO<br \/>\nFrank Ronan<br \/>\nTradu\u00e7\u00e3o de: Maria do Carmo Figueira<br \/>\nAno de edi\u00e7\u00e3o: 1997 (2.\u00aa edi\u00e7\u00e3o)<br \/>\nEditor: Gradiva, \u00a0Lisboa<br \/>\nIdioma: Portugu\u00eas<br \/>\nDimens\u00f5es: 16 x 1.2 x 23.5 cm<br \/>\nEncaderna\u00e7\u00e3o: Capa mole<br \/>\nP\u00e1ginas: 175<\/p>\n","protected":false},"excerpt":{"rendered":"<p>O MELHOR ANJO Frank Ronan Tradu\u00e7\u00e3o de: Maria do Carmo Figueira Ano de edi\u00e7\u00e3o: 1997 (2.\u00aa edi\u00e7\u00e3o) Editor: Gradiva, \u00a0Lisboa Idioma: Portugu\u00eas Dimens\u00f5es: 16 x 1.2 x 23.5 cm Encaderna\u00e7\u00e3o: Capa mole P\u00e1ginas: 175<\/p>\n","protected":false},"featured_media":2244,"comment_status":"open","ping_status":"closed","template":"","meta":{"om_disable_all_campaigns":false,"_monsterinsights_skip_tracking":false,"_monsterinsights_sitenote_active":false,"_monsterinsights_sitenote_note":"","_monsterinsights_sitenote_category":0,"_uf_show_specific_survey":0,"_uf_disable_surveys":false},"product_cat":[26],"product_tag":[],"aioseo_notices":[],"jetpack_sharing_enabled":true,"_links":{"self":[{"href":"https:\/\/casadolivreiro.pt\/index.php\/wp-json\/wp\/v2\/product\/2243"}],"collection":[{"href":"https:\/\/casadolivreiro.pt\/index.php\/wp-json\/wp\/v2\/product"}],"about":[{"href":"https:\/\/casadolivreiro.pt\/index.php\/wp-json\/wp\/v2\/types\/product"}],"replies":[{"embeddable":true,"href":"https:\/\/casadolivreiro.pt\/index.php\/wp-json\/wp\/v2\/comments?post=2243"}],"wp:featuredmedia":[{"embeddable":true,"href":"https:\/\/casadolivreiro.pt\/index.php\/wp-json\/wp\/v2\/media\/2244"}],"wp:attachment":[{"href":"https:\/\/casadolivreiro.pt\/index.php\/wp-json\/wp\/v2\/media?parent=2243"}],"wp:term":[{"taxonomy":"product_cat","embeddable":true,"href":"https:\/\/casadolivreiro.pt\/index.php\/wp-json\/wp\/v2\/product_cat?post=2243"},{"taxonomy":"product_tag","embeddable":true,"href":"https:\/\/casadolivreiro.pt\/index.php\/wp-json\/wp\/v2\/product_tag?post=2243"}],"curies":[{"name":"wp","href":"https:\/\/api.w.org\/{rel}","templated":true}]}}