{"id":2239,"date":"2024-04-10T20:13:27","date_gmt":"2024-04-10T20:13:27","guid":{"rendered":"https:\/\/casadolivreiro.pt\/?post_type=product&#038;p=2239"},"modified":"2024-04-10T20:13:27","modified_gmt":"2024-04-10T20:13:27","slug":"teddy-bear-gess","status":"publish","type":"product","link":"https:\/\/casadolivreiro.pt\/index.php\/product\/teddy-bear-gess\/","title":{"rendered":"TEDDY BEAR &#8211; Gess"},"content":{"rendered":"<p>TEDDY BEAR<br \/>\nGess<br \/>\nISBN: 2-87687-136-X<br \/>\nAno de edi\u00e7\u00e3o: 1992<br \/>\nEditor: Zenda \u00c9ditions SARL, Paris<br \/>\nIdioma: Franc\u00eas<br \/>\nDimens\u00f5es: 24 x 0.8 x 32 cm<br \/>\nEncaderna\u00e7\u00e3o: Capa dura<br \/>\nP\u00e1ginas: 46<\/p>\n","protected":false},"excerpt":{"rendered":"<p>TEDDY BEAR Gess ISBN: 2-87687-136-X Ano de edi\u00e7\u00e3o: 1992 Editor: Zenda \u00c9ditions SARL, Paris Idioma: Franc\u00eas Dimens\u00f5es: 24 x 0.8 x 32 cm Encaderna\u00e7\u00e3o: Capa dura P\u00e1ginas: 46<\/p>\n","protected":false},"featured_media":2240,"comment_status":"open","ping_status":"closed","template":"","meta":{"om_disable_all_campaigns":false,"_monsterinsights_skip_tracking":false,"_monsterinsights_sitenote_active":false,"_monsterinsights_sitenote_note":"","_monsterinsights_sitenote_category":0,"_uf_show_specific_survey":0,"_uf_disable_surveys":false},"product_cat":[35,56],"product_tag":[],"aioseo_notices":[],"jetpack_sharing_enabled":true,"_links":{"self":[{"href":"https:\/\/casadolivreiro.pt\/index.php\/wp-json\/wp\/v2\/product\/2239"}],"collection":[{"href":"https:\/\/casadolivreiro.pt\/index.php\/wp-json\/wp\/v2\/product"}],"about":[{"href":"https:\/\/casadolivreiro.pt\/index.php\/wp-json\/wp\/v2\/types\/product"}],"replies":[{"embeddable":true,"href":"https:\/\/casadolivreiro.pt\/index.php\/wp-json\/wp\/v2\/comments?post=2239"}],"wp:featuredmedia":[{"embeddable":true,"href":"https:\/\/casadolivreiro.pt\/index.php\/wp-json\/wp\/v2\/media\/2240"}],"wp:attachment":[{"href":"https:\/\/casadolivreiro.pt\/index.php\/wp-json\/wp\/v2\/media?parent=2239"}],"wp:term":[{"taxonomy":"product_cat","embeddable":true,"href":"https:\/\/casadolivreiro.pt\/index.php\/wp-json\/wp\/v2\/product_cat?post=2239"},{"taxonomy":"product_tag","embeddable":true,"href":"https:\/\/casadolivreiro.pt\/index.php\/wp-json\/wp\/v2\/product_tag?post=2239"}],"curies":[{"name":"wp","href":"https:\/\/api.w.org\/{rel}","templated":true}]}}