{"id":2237,"date":"2024-04-10T20:10:32","date_gmt":"2024-04-10T20:10:32","guid":{"rendered":"https:\/\/casadolivreiro.pt\/?post_type=product&#038;p=2237"},"modified":"2024-04-10T20:10:32","modified_gmt":"2024-04-10T20:10:32","slug":"sambre-plus-ne-mestrien-yslaire-balac","status":"publish","type":"product","link":"https:\/\/casadolivreiro.pt\/index.php\/product\/sambre-plus-ne-mestrien-yslaire-balac\/","title":{"rendered":"SAMBRE: PLUS NE M\u2019ESTRIEN\u2026 &#8211; Yslaire, Balac"},"content":{"rendered":"<p>SAMBRE: PLUS NE M\u2019ESTRIEN\u2026<br \/>\nYslaire, Balac<br \/>\nISBN: 978-2-7234-4138-4<br \/>\nAno de edi\u00e7\u00e3o: 2007<br \/>\nEditor: \u00c9ditions Gl\u00e9net, Grenoble<br \/>\nIdioma: Franc\u00eas<br \/>\nDimens\u00f5es: 24 x 0.8 x 32 cm<br \/>\nEncaderna\u00e7\u00e3o: Capa dura<br \/>\nP\u00e1ginas: 49<\/p>\n","protected":false},"excerpt":{"rendered":"<p>SAMBRE: PLUS NE M\u2019ESTRIEN\u2026 Yslaire, Balac ISBN: 978-2-7234-4138-4 Ano de edi\u00e7\u00e3o: 2007 Editor: \u00c9ditions Gl\u00e9net, Grenoble Idioma: Franc\u00eas Dimens\u00f5es: 24 x 0.8 x 32 cm Encaderna\u00e7\u00e3o: Capa dura P\u00e1ginas: 49<\/p>\n","protected":false},"featured_media":2238,"comment_status":"open","ping_status":"closed","template":"","meta":{"om_disable_all_campaigns":false,"_monsterinsights_skip_tracking":false,"_monsterinsights_sitenote_active":false,"_monsterinsights_sitenote_note":"","_monsterinsights_sitenote_category":0,"_uf_show_specific_survey":0,"_uf_disable_surveys":false},"product_cat":[35,56],"product_tag":[],"aioseo_notices":[],"jetpack_sharing_enabled":true,"_links":{"self":[{"href":"https:\/\/casadolivreiro.pt\/index.php\/wp-json\/wp\/v2\/product\/2237"}],"collection":[{"href":"https:\/\/casadolivreiro.pt\/index.php\/wp-json\/wp\/v2\/product"}],"about":[{"href":"https:\/\/casadolivreiro.pt\/index.php\/wp-json\/wp\/v2\/types\/product"}],"replies":[{"embeddable":true,"href":"https:\/\/casadolivreiro.pt\/index.php\/wp-json\/wp\/v2\/comments?post=2237"}],"wp:featuredmedia":[{"embeddable":true,"href":"https:\/\/casadolivreiro.pt\/index.php\/wp-json\/wp\/v2\/media\/2238"}],"wp:attachment":[{"href":"https:\/\/casadolivreiro.pt\/index.php\/wp-json\/wp\/v2\/media?parent=2237"}],"wp:term":[{"taxonomy":"product_cat","embeddable":true,"href":"https:\/\/casadolivreiro.pt\/index.php\/wp-json\/wp\/v2\/product_cat?post=2237"},{"taxonomy":"product_tag","embeddable":true,"href":"https:\/\/casadolivreiro.pt\/index.php\/wp-json\/wp\/v2\/product_tag?post=2237"}],"curies":[{"name":"wp","href":"https:\/\/api.w.org\/{rel}","templated":true}]}}