{"id":2232,"date":"2024-04-10T19:57:14","date_gmt":"2024-04-10T19:57:14","guid":{"rendered":"https:\/\/casadolivreiro.pt\/?post_type=product&#038;p=2232"},"modified":"2024-04-10T19:57:15","modified_gmt":"2024-04-10T19:57:15","slug":"harraps-tintin-au-pays-des-mots-dictionnaire-illustre-de-langlais-david-jones","status":"publish","type":"product","link":"https:\/\/casadolivreiro.pt\/index.php\/product\/harraps-tintin-au-pays-des-mots-dictionnaire-illustre-de-langlais-david-jones\/","title":{"rendered":"HARRAP\u2019S TINTIN AU PAYS DES MOTS: Dictionnaire illustr\u00e9 de l\u2019Anglais &#8211; David Jones"},"content":{"rendered":"<p>HARRAP\u2019S TINTIN AU PAYS DES MOTS: Dictionnaire illustr\u00e9 de l\u2019Anglais<br \/>\nDavid Jones<br \/>\nISBN: 0-245-50453-2<br \/>\nAno de edi\u00e7\u00e3o: 2000<br \/>\nEditor: Chambers Harrap Publishers Ltd. Bruxelles<br \/>\nIdioma: Franc\u00eas<br \/>\nDimens\u00f5es: 23.5 x 1.7 x 26 .5 cm<br \/>\nEncaderna\u00e7\u00e3o: Capa dura<br \/>\nP\u00e1ginas: 192<\/p>\n","protected":false},"excerpt":{"rendered":"<p>HARRAP\u2019S TINTIN AU PAYS DES MOTS: Dictionnaire illustr\u00e9 de l\u2019Anglais David Jones ISBN: 0-245-50453-2 Ano de edi\u00e7\u00e3o: 2000 Editor: Chambers Harrap Publishers Ltd. Bruxelles Idioma: Franc\u00eas Dimens\u00f5es: 23.5 x 1.7 x 26 .5 cm Encaderna\u00e7\u00e3o: Capa dura P\u00e1ginas: 192<\/p>\n","protected":false},"featured_media":2233,"comment_status":"open","ping_status":"closed","template":"","meta":{"om_disable_all_campaigns":false,"_monsterinsights_skip_tracking":false,"_monsterinsights_sitenote_active":false,"_monsterinsights_sitenote_note":"","_monsterinsights_sitenote_category":0,"_uf_show_specific_survey":0,"_uf_disable_surveys":false},"product_cat":[35,56],"product_tag":[],"aioseo_notices":[],"jetpack_sharing_enabled":true,"_links":{"self":[{"href":"https:\/\/casadolivreiro.pt\/index.php\/wp-json\/wp\/v2\/product\/2232"}],"collection":[{"href":"https:\/\/casadolivreiro.pt\/index.php\/wp-json\/wp\/v2\/product"}],"about":[{"href":"https:\/\/casadolivreiro.pt\/index.php\/wp-json\/wp\/v2\/types\/product"}],"replies":[{"embeddable":true,"href":"https:\/\/casadolivreiro.pt\/index.php\/wp-json\/wp\/v2\/comments?post=2232"}],"wp:featuredmedia":[{"embeddable":true,"href":"https:\/\/casadolivreiro.pt\/index.php\/wp-json\/wp\/v2\/media\/2233"}],"wp:attachment":[{"href":"https:\/\/casadolivreiro.pt\/index.php\/wp-json\/wp\/v2\/media?parent=2232"}],"wp:term":[{"taxonomy":"product_cat","embeddable":true,"href":"https:\/\/casadolivreiro.pt\/index.php\/wp-json\/wp\/v2\/product_cat?post=2232"},{"taxonomy":"product_tag","embeddable":true,"href":"https:\/\/casadolivreiro.pt\/index.php\/wp-json\/wp\/v2\/product_tag?post=2232"}],"curies":[{"name":"wp","href":"https:\/\/api.w.org\/{rel}","templated":true}]}}