{"id":2230,"date":"2024-04-10T19:53:12","date_gmt":"2024-04-10T19:53:12","guid":{"rendered":"https:\/\/casadolivreiro.pt\/?post_type=product&#038;p=2230"},"modified":"2024-04-10T19:53:13","modified_gmt":"2024-04-10T19:53:13","slug":"les-innommables-le-cycle-de-hong-kong-yann-conrad","status":"publish","type":"product","link":"https:\/\/casadolivreiro.pt\/index.php\/product\/les-innommables-le-cycle-de-hong-kong-yann-conrad\/","title":{"rendered":"LES INNOMMABLES: Le Cycle de Hong Kong &#8211; Yann &#038; Conrad"},"content":{"rendered":"<p>LES INNOMMABLES: Le Cycle de Hong Kong<br \/>\nYann &amp; Conrad<br \/>\nISBN: 2-87129-308-2<br \/>\nAno de edi\u00e7\u00e3o: 2000<br \/>\nEditor: Dargaud, Benelux<br \/>\nIdioma: Franc\u00eas<br \/>\nDimens\u00f5es: 24 x 2.2 x 31.5 cm<br \/>\nEncaderna\u00e7\u00e3o: Capa dura<br \/>\nP\u00e1ginas: 192<\/p>\n","protected":false},"excerpt":{"rendered":"<p>LES INNOMMABLES: Le Cycle de Hong Kong Yann &amp; Conrad ISBN: 2-87129-308-2 Ano de edi\u00e7\u00e3o: 2000 Editor: Dargaud, Benelux Idioma: Franc\u00eas Dimens\u00f5es: 24 x 2.2 x 31.5 cm Encaderna\u00e7\u00e3o: Capa dura P\u00e1ginas: 192<\/p>\n","protected":false},"featured_media":2231,"comment_status":"open","ping_status":"closed","template":"","meta":{"om_disable_all_campaigns":false,"_monsterinsights_skip_tracking":false,"_monsterinsights_sitenote_active":false,"_monsterinsights_sitenote_note":"","_monsterinsights_sitenote_category":0,"_uf_show_specific_survey":0,"_uf_disable_surveys":false},"product_cat":[35,56],"product_tag":[],"aioseo_notices":[],"jetpack_sharing_enabled":true,"_links":{"self":[{"href":"https:\/\/casadolivreiro.pt\/index.php\/wp-json\/wp\/v2\/product\/2230"}],"collection":[{"href":"https:\/\/casadolivreiro.pt\/index.php\/wp-json\/wp\/v2\/product"}],"about":[{"href":"https:\/\/casadolivreiro.pt\/index.php\/wp-json\/wp\/v2\/types\/product"}],"replies":[{"embeddable":true,"href":"https:\/\/casadolivreiro.pt\/index.php\/wp-json\/wp\/v2\/comments?post=2230"}],"wp:featuredmedia":[{"embeddable":true,"href":"https:\/\/casadolivreiro.pt\/index.php\/wp-json\/wp\/v2\/media\/2231"}],"wp:attachment":[{"href":"https:\/\/casadolivreiro.pt\/index.php\/wp-json\/wp\/v2\/media?parent=2230"}],"wp:term":[{"taxonomy":"product_cat","embeddable":true,"href":"https:\/\/casadolivreiro.pt\/index.php\/wp-json\/wp\/v2\/product_cat?post=2230"},{"taxonomy":"product_tag","embeddable":true,"href":"https:\/\/casadolivreiro.pt\/index.php\/wp-json\/wp\/v2\/product_tag?post=2230"}],"curies":[{"name":"wp","href":"https:\/\/api.w.org\/{rel}","templated":true}]}}