{"id":2228,"date":"2024-04-10T19:49:37","date_gmt":"2024-04-10T19:49:37","guid":{"rendered":"https:\/\/casadolivreiro.pt\/?post_type=product&#038;p=2228"},"modified":"2024-04-10T19:49:37","modified_gmt":"2024-04-10T19:49:37","slug":"america-keiko-ichiguchi","status":"publish","type":"product","link":"https:\/\/casadolivreiro.pt\/index.php\/product\/america-keiko-ichiguchi\/","title":{"rendered":"AMERICA &#8211; Keiko Ichiguchi"},"content":{"rendered":"<p>AMERICA<br \/>\nKeiko Ichiguchi<br \/>\nISBN: 978-2-5050-0037-2<br \/>\nAno de edi\u00e7\u00e3o: 2007<br \/>\nEditor: Kana (Dargaud-Lombard S.A.), Bruxelles<br \/>\nIdioma: Franc\u00eas<br \/>\nDimens\u00f5es: 17 x 1.4 x 24 cm<br \/>\nEncaderna\u00e7\u00e3o: Capa mole<br \/>\nP\u00e1ginas: 202<\/p>\n","protected":false},"excerpt":{"rendered":"<p>AMERICA Keiko Ichiguchi ISBN: 978-2-5050-0037-2 Ano de edi\u00e7\u00e3o: 2007 Editor: Kana (Dargaud-Lombard S.A.), Bruxelles Idioma: Franc\u00eas Dimens\u00f5es: 17 x 1.4 x 24 cm Encaderna\u00e7\u00e3o: Capa mole P\u00e1ginas: 202<\/p>\n","protected":false},"featured_media":2229,"comment_status":"open","ping_status":"closed","template":"","meta":{"om_disable_all_campaigns":false,"_monsterinsights_skip_tracking":false,"_monsterinsights_sitenote_active":false,"_monsterinsights_sitenote_note":"","_monsterinsights_sitenote_category":0,"_uf_show_specific_survey":0,"_uf_disable_surveys":false},"product_cat":[35,56],"product_tag":[],"aioseo_notices":[],"jetpack_sharing_enabled":true,"_links":{"self":[{"href":"https:\/\/casadolivreiro.pt\/index.php\/wp-json\/wp\/v2\/product\/2228"}],"collection":[{"href":"https:\/\/casadolivreiro.pt\/index.php\/wp-json\/wp\/v2\/product"}],"about":[{"href":"https:\/\/casadolivreiro.pt\/index.php\/wp-json\/wp\/v2\/types\/product"}],"replies":[{"embeddable":true,"href":"https:\/\/casadolivreiro.pt\/index.php\/wp-json\/wp\/v2\/comments?post=2228"}],"wp:featuredmedia":[{"embeddable":true,"href":"https:\/\/casadolivreiro.pt\/index.php\/wp-json\/wp\/v2\/media\/2229"}],"wp:attachment":[{"href":"https:\/\/casadolivreiro.pt\/index.php\/wp-json\/wp\/v2\/media?parent=2228"}],"wp:term":[{"taxonomy":"product_cat","embeddable":true,"href":"https:\/\/casadolivreiro.pt\/index.php\/wp-json\/wp\/v2\/product_cat?post=2228"},{"taxonomy":"product_tag","embeddable":true,"href":"https:\/\/casadolivreiro.pt\/index.php\/wp-json\/wp\/v2\/product_tag?post=2228"}],"curies":[{"name":"wp","href":"https:\/\/api.w.org\/{rel}","templated":true}]}}