{"id":2225,"date":"2024-04-10T19:45:47","date_gmt":"2024-04-10T19:45:47","guid":{"rendered":"https:\/\/casadolivreiro.pt\/?post_type=product&#038;p=2225"},"modified":"2024-04-10T19:45:47","modified_gmt":"2024-04-10T19:45:47","slug":"cleo-fred-bernard","status":"publish","type":"product","link":"https:\/\/casadolivreiro.pt\/index.php\/product\/cleo-fred-bernard\/","title":{"rendered":"CLEO &#8211; Fred Bernard"},"content":{"rendered":"<p>CLEO<br \/>\nFred Bernard<br \/>\nISBN: 978-2-84111-443-6<br \/>\nExemplar autografado<br \/>\nAno de edi\u00e7\u00e3o: 2010<br \/>\nEditor: NiL Editions, Paris<br \/>\nIdioma: Franc\u00eas<br \/>\nDimens\u00f5es: 17 x 1.7 x 24 cm<br \/>\nEncaderna\u00e7\u00e3o: Capa mole<br \/>\nP\u00e1ginas: 159<\/p>\n","protected":false},"excerpt":{"rendered":"<p>CLEO Fred Bernard ISBN: 978-2-84111-443-6 Exemplar autografado Ano de edi\u00e7\u00e3o: 2010 Editor: NiL Editions, Paris Idioma: Franc\u00eas Dimens\u00f5es: 17 x 1.7 x 24 cm Encaderna\u00e7\u00e3o: Capa mole P\u00e1ginas: 159<\/p>\n","protected":false},"featured_media":2226,"comment_status":"open","ping_status":"closed","template":"","meta":{"om_disable_all_campaigns":false,"_monsterinsights_skip_tracking":false,"_monsterinsights_sitenote_active":false,"_monsterinsights_sitenote_note":"","_monsterinsights_sitenote_category":0,"_uf_show_specific_survey":0,"_uf_disable_surveys":false},"product_cat":[35,56],"product_tag":[],"aioseo_notices":[],"jetpack_sharing_enabled":true,"_links":{"self":[{"href":"https:\/\/casadolivreiro.pt\/index.php\/wp-json\/wp\/v2\/product\/2225"}],"collection":[{"href":"https:\/\/casadolivreiro.pt\/index.php\/wp-json\/wp\/v2\/product"}],"about":[{"href":"https:\/\/casadolivreiro.pt\/index.php\/wp-json\/wp\/v2\/types\/product"}],"replies":[{"embeddable":true,"href":"https:\/\/casadolivreiro.pt\/index.php\/wp-json\/wp\/v2\/comments?post=2225"}],"wp:featuredmedia":[{"embeddable":true,"href":"https:\/\/casadolivreiro.pt\/index.php\/wp-json\/wp\/v2\/media\/2226"}],"wp:attachment":[{"href":"https:\/\/casadolivreiro.pt\/index.php\/wp-json\/wp\/v2\/media?parent=2225"}],"wp:term":[{"taxonomy":"product_cat","embeddable":true,"href":"https:\/\/casadolivreiro.pt\/index.php\/wp-json\/wp\/v2\/product_cat?post=2225"},{"taxonomy":"product_tag","embeddable":true,"href":"https:\/\/casadolivreiro.pt\/index.php\/wp-json\/wp\/v2\/product_tag?post=2225"}],"curies":[{"name":"wp","href":"https:\/\/api.w.org\/{rel}","templated":true}]}}