{"id":2223,"date":"2024-04-10T19:41:13","date_gmt":"2024-04-10T19:41:13","guid":{"rendered":"https:\/\/casadolivreiro.pt\/?post_type=product&#038;p=2223"},"modified":"2024-04-10T19:41:13","modified_gmt":"2024-04-10T19:41:13","slug":"albert-le-magnifique-daniel-blancou","status":"publish","type":"product","link":"https:\/\/casadolivreiro.pt\/index.php\/product\/albert-le-magnifique-daniel-blancou\/","title":{"rendered":"ALBERT LE MAGNIFIQUE &#8211; Daniel Blancou"},"content":{"rendered":"<p>ALBERT LE MAGNIFIQUE<br \/>\nDaniel Blancou<br \/>\nISBN: 978-2-84865-267-2<br \/>\nExemplar autografado<br \/>\nAno de edi\u00e7\u00e3o: 2009<br \/>\nEditor: Sarbacane<br \/>\nIdioma: Franc\u00eas<br \/>\nDimens\u00f5es: 20.5 x 1.3 x 25.5 cm<br \/>\nEncaderna\u00e7\u00e3o: Capa dura<br \/>\nP\u00e1ginas: 76<\/p>\n","protected":false},"excerpt":{"rendered":"<p>ALBERT LE MAGNIFIQUE Daniel Blancou ISBN: 978-2-84865-267-2 Exemplar autografado Ano de edi\u00e7\u00e3o: 2009 Editor: Sarbacane Idioma: Franc\u00eas Dimens\u00f5es: 20.5 x 1.3 x 25.5 cm Encaderna\u00e7\u00e3o: Capa dura P\u00e1ginas: 76<\/p>\n","protected":false},"featured_media":2224,"comment_status":"open","ping_status":"closed","template":"","meta":{"om_disable_all_campaigns":false,"_monsterinsights_skip_tracking":false,"_monsterinsights_sitenote_active":false,"_monsterinsights_sitenote_note":"","_monsterinsights_sitenote_category":0,"_uf_show_specific_survey":0,"_uf_disable_surveys":false},"product_cat":[35,56],"product_tag":[],"aioseo_notices":[],"jetpack_sharing_enabled":true,"_links":{"self":[{"href":"https:\/\/casadolivreiro.pt\/index.php\/wp-json\/wp\/v2\/product\/2223"}],"collection":[{"href":"https:\/\/casadolivreiro.pt\/index.php\/wp-json\/wp\/v2\/product"}],"about":[{"href":"https:\/\/casadolivreiro.pt\/index.php\/wp-json\/wp\/v2\/types\/product"}],"replies":[{"embeddable":true,"href":"https:\/\/casadolivreiro.pt\/index.php\/wp-json\/wp\/v2\/comments?post=2223"}],"wp:featuredmedia":[{"embeddable":true,"href":"https:\/\/casadolivreiro.pt\/index.php\/wp-json\/wp\/v2\/media\/2224"}],"wp:attachment":[{"href":"https:\/\/casadolivreiro.pt\/index.php\/wp-json\/wp\/v2\/media?parent=2223"}],"wp:term":[{"taxonomy":"product_cat","embeddable":true,"href":"https:\/\/casadolivreiro.pt\/index.php\/wp-json\/wp\/v2\/product_cat?post=2223"},{"taxonomy":"product_tag","embeddable":true,"href":"https:\/\/casadolivreiro.pt\/index.php\/wp-json\/wp\/v2\/product_tag?post=2223"}],"curies":[{"name":"wp","href":"https:\/\/api.w.org\/{rel}","templated":true}]}}